{"id":2429,"date":"2025-02-03T02:10:55","date_gmt":"2025-02-03T01:10:55","guid":{"rendered":"https:\/\/kaipoweddings.de\/?page_id=2429"},"modified":"2025-03-05T22:49:13","modified_gmt":"2025-03-05T21:49:13","slug":"style-vibe-blueprint","status":"publish","type":"page","link":"https:\/\/kaipoweddings.de\/en\/style-vibe-blueprint\/","title":{"rendered":"Style &amp; Vibe Blueprint"},"content":{"rendered":"\t\t<div data-elementor-type=\"wp-page\" data-elementor-id=\"2429\" class=\"elementor elementor-2429\" data-elementor-post-type=\"page\">\n\t\t\t\t<div class=\"elementor-element elementor-element-faf51ff e-con-full e-flex e-con e-parent\" data-id=\"faf51ff\" data-element_type=\"container\" data-e-type=\"container\" data-settings=\"{&quot;background_background&quot;:&quot;classic&quot;}\">\n\t\t<div class=\"elementor-element elementor-element-851c1f4 e-con-full e-flex e-con e-child\" data-id=\"851c1f4\" data-element_type=\"container\" data-e-type=\"container\">\n\t\t\t\t<div class=\"elementor-element elementor-element-89db3b0 elementor-widget elementor-widget-heading\" data-id=\"89db3b0\" data-element_type=\"widget\" data-e-type=\"widget\" data-widget_type=\"heading.default\">\n\t\t\t\t\t<h3 class=\"elementor-heading-title elementor-size-default\">Euer Style &amp; Vibe Blueprint <\/h3>\t\t\t\t<\/div>\n\t\t\t\t<div class=\"elementor-element elementor-element-3bc3c81 elementor-widget elementor-widget-text-editor\" data-id=\"3bc3c81\" data-element_type=\"widget\" data-e-type=\"widget\" data-widget_type=\"text-editor.default\">\n\t\t\t\t\t\t\t\t\t<p style=\"text-align: center;\">Wie ihr die perfekte Location f\u00fcr eure Destination Wedding in Italien findet, worauf ihr achten m\u00fcsst, was Locations in Italien kosten und wie ihr eure Hochzeit mit der richtigen Location mit absolut einzigartigen Highlights upgraden k\u00f6nnt.\u00a0<\/p>\t\t\t\t\t\t\t\t<\/div>\n\t\t\t\t<div class=\"elementor-element elementor-element-d718389 elementor-widget elementor-widget-html\" data-id=\"d718389\" data-element_type=\"widget\" data-e-type=\"widget\" data-widget_type=\"html.default\">\n\t\t\t\t\t<script src=\"https:\/\/fast.wistia.com\/player.js\" async><\/script><script src=\"https:\/\/fast.wistia.com\/embed\/ylmo3a6wv8.js\" async type=\"module\"><\/script><style>wistia-player[media-id='ylmo3a6wv8']:not(:defined) { background: center \/ contain no-repeat url('https:\/\/fast.wistia.com\/embed\/medias\/ylmo3a6wv8\/swatch'); display: block; filter: blur(5px); padding-top:55.0%; }<\/style> <wistia-player media-id=\"ylmo3a6wv8\" aspect=\"1.8181818181818181\"><\/wistia-player>\t\t\t\t<\/div>\n\t\t\t\t<div class=\"elementor-element elementor-element-3379bc5 elementor-align-center elementor-mobile-align-center elementor-widget elementor-widget-button\" data-id=\"3379bc5\" data-element_type=\"widget\" data-e-type=\"widget\" data-widget_type=\"button.default\">\n\t\t\t\t\t\t\t\t\t\t<a class=\"elementor-button elementor-button-link elementor-size-sm elementor-animation-hang\" href=\"https:\/\/tally.so\/r\/3y6kQX\" target=\"_blank\" rel=\"noopener\">\n\t\t\t\t\t\t<span class=\"elementor-button-content-wrapper\">\n\t\t\t\t\t\t\t\t\t<span class=\"elementor-button-text\">Kostenloses Beratungsgespr\u00e4ch vereinbaren \u27f6<\/span>\n\t\t\t\t\t<\/span>\n\t\t\t\t\t<\/a>\n\t\t\t\t\t\t\t\t<\/div>\n\t\t\t\t<\/div>\n\t\t\t\t<\/div>\n\t\t<div class=\"elementor-element elementor-element-6582e5f e-con-full e-flex e-con e-parent\" data-id=\"6582e5f\" data-element_type=\"container\" data-e-type=\"container\">\n\t\t<div class=\"elementor-element elementor-element-568ffa1 e-con-full e-flex e-con e-child\" data-id=\"568ffa1\" data-element_type=\"container\" data-e-type=\"container\">\n\t\t\t\t<div class=\"elementor-element elementor-element-d7295e7 elementor-widget elementor-widget-heading\" data-id=\"d7295e7\" data-element_type=\"widget\" data-e-type=\"widget\" data-widget_type=\"heading.default\">\n\t\t\t\t\t<h2 class=\"elementor-heading-title elementor-size-default\">Kostenloses Beratungsgespr\u00e4ch<\/h2>\t\t\t\t<\/div>\n\t\t\t\t<div class=\"elementor-element elementor-element-4130446 elementor-widget elementor-widget-heading\" data-id=\"4130446\" data-element_type=\"widget\" data-e-type=\"widget\" data-widget_type=\"heading.default\">\n\t\t\t\t\t<h3 class=\"elementor-heading-title elementor-size-default\">Kontaktformular &amp; Erstgespr\u00e4ch<\/h3>\t\t\t\t<\/div>\n\t\t\t\t<div class=\"elementor-element elementor-element-6d7e37d elementor-widget elementor-widget-text-editor\" data-id=\"6d7e37d\" data-element_type=\"widget\" data-e-type=\"widget\" data-widget_type=\"text-editor.default\">\n\t\t\t\t\t\t\t\t\t<p>Um ein kostenloses Beratungsgespr\u00e4ch mit uns zu vereinbaren, f\u00fcllt einfach das Kontaktformular aus \u2013 in nur drei Minuten seid ihr damit durch. Innerhalb von 48 Stunden melden wir uns pers\u00f6nlich bei euch, um in einem kurzen Telefonat \u00fcber die ersten Eckpunkte eurer Vorstellungen zu besprechen. So finden wir gemeinsam heraus, ob wir euch helfen k\u00f6nnen. Wenn alles passt, legen wir einen Termin f\u00fcr das Beratungsgespr\u00e4ch fest.<\/p>\t\t\t\t\t\t\t\t<\/div>\n\t\t\t\t<div class=\"elementor-element elementor-element-c432630 elementor-widget elementor-widget-heading\" data-id=\"c432630\" data-element_type=\"widget\" data-e-type=\"widget\" data-widget_type=\"heading.default\">\n\t\t\t\t\t<h3 class=\"elementor-heading-title elementor-size-default\">Beratungsgespr\u00e4ch<\/h3>\t\t\t\t<\/div>\n\t\t\t\t<div class=\"elementor-element elementor-element-6e5bd95 elementor-widget elementor-widget-text-editor\" data-id=\"6e5bd95\" data-element_type=\"widget\" data-e-type=\"widget\" data-widget_type=\"text-editor.default\">\n\t\t\t\t\t\t\t\t\t<p>In dem kostenlosen Beratungsgespr\u00e4ch machen wir einen richtigen Deep-Dive in eure Hochzeitspl\u00e4ne. In etwa 90-120 Minuten bekommt ihr Inspirationen von uns einen ausf\u00fchrlichen \u00dcberblick \u00fcber die M\u00f6glichkeiten &#8211; immer realistisch, immer mit Budgetbezug. Wir erstellen einen Fahrplan f\u00fcr euch, wie ihr genau die Hochzeit bekommt, die ihr im Kopf habt.<\/p>\t\t\t\t\t\t\t\t<\/div>\n\t\t\t\t<div class=\"elementor-element elementor-element-bd492d6 elementor-widget elementor-widget-heading\" data-id=\"bd492d6\" data-element_type=\"widget\" data-e-type=\"widget\" data-widget_type=\"heading.default\">\n\t\t\t\t\t<h3 class=\"elementor-heading-title elementor-size-default\">Onboarding &amp; Start<\/h3>\t\t\t\t<\/div>\n\t\t\t\t<div class=\"elementor-element elementor-element-4a882f0 elementor-widget elementor-widget-text-editor\" data-id=\"4a882f0\" data-element_type=\"widget\" data-e-type=\"widget\" data-widget_type=\"text-editor.default\">\n\t\t\t\t\t\t\t\t\t<p>Wenn ihr euch nach dem Beratungsgespr\u00e4ch f\u00fcr eine Zusammenarbeit mit uns entscheidet, startet wir mit einem ausf\u00fchrlichen Onboarding: Ihr seid nun ein Brautpaar von Kaipo Weddings und euch erwartet eine richtig tolle Zeit. Und eine richtig tolle Hochzeit, of course.\u00a0\u00a0<\/p>\t\t\t\t\t\t\t\t<\/div>\n\t\t\t\t<div class=\"elementor-element elementor-element-9c17b97 elementor-align-center elementor-mobile-align-center elementor-widget elementor-widget-button\" data-id=\"9c17b97\" data-element_type=\"widget\" data-e-type=\"widget\" data-widget_type=\"button.default\">\n\t\t\t\t\t\t\t\t\t\t<a class=\"elementor-button elementor-button-link elementor-size-sm elementor-animation-hang\" href=\"https:\/\/tally.so\/r\/3y6kQX\" target=\"_blank\" rel=\"noopener\">\n\t\t\t\t\t\t<span class=\"elementor-button-content-wrapper\">\n\t\t\t\t\t\t\t\t\t<span class=\"elementor-button-text\">Kostenloses Beratungsgespr\u00e4ch vereinbaren \u27f6<\/span>\n\t\t\t\t\t<\/span>\n\t\t\t\t\t<\/a>\n\t\t\t\t\t\t\t\t<\/div>\n\t\t\t\t<\/div>\n\t\t<div class=\"elementor-element elementor-element-e2d9dfa e-con-full e-flex e-con e-child\" data-id=\"e2d9dfa\" data-element_type=\"container\" data-e-type=\"container\">\n\t\t\t\t<div class=\"elementor-element elementor-element-16e3057 elementor-widget elementor-widget-image-carousel\" data-id=\"16e3057\" data-element_type=\"widget\" data-e-type=\"widget\" data-settings=\"{&quot;slides_to_show&quot;:&quot;2&quot;,&quot;slides_to_show_mobile&quot;:&quot;4&quot;,&quot;slides_to_scroll&quot;:&quot;1&quot;,&quot;navigation&quot;:&quot;none&quot;,&quot;autoplay_speed&quot;:0,&quot;speed&quot;:7000,&quot;image_spacing_custom&quot;:{&quot;unit&quot;:&quot;px&quot;,&quot;size&quot;:8,&quot;sizes&quot;:[]},&quot;autoplay&quot;:&quot;yes&quot;,&quot;pause_on_hover&quot;:&quot;yes&quot;,&quot;pause_on_interaction&quot;:&quot;yes&quot;,&quot;infinite&quot;:&quot;yes&quot;,&quot;image_spacing_custom_tablet&quot;:{&quot;unit&quot;:&quot;px&quot;,&quot;size&quot;:&quot;&quot;,&quot;sizes&quot;:[]},&quot;image_spacing_custom_mobile&quot;:{&quot;unit&quot;:&quot;px&quot;,&quot;size&quot;:&quot;&quot;,&quot;sizes&quot;:[]}}\" data-widget_type=\"image-carousel.default\">\n\t\t\t\t\t\t\t<div class=\"elementor-image-carousel-wrapper swiper\" role=\"region\" aria-roledescription=\"carousel\" aria-label=\"Bild Karussell\" dir=\"ltr\">\n\t\t\t<div class=\"elementor-image-carousel swiper-wrapper\" aria-live=\"off\">\n\t\t\t\t\t\t\t\t<div class=\"swiper-slide\" role=\"group\" aria-roledescription=\"slide\" aria-label=\"1 of 9\"><figure class=\"swiper-slide-inner\"><img decoding=\"async\" class=\"swiper-slide-image\" src=\"https:\/\/kaipoweddings.de\/wp-content\/uploads\/2025\/03\/288-Metamorphosis_Helen-und-Pedro_klassen-weddings_chateau-de-varennes_286-683x1024.jpg\" alt=\"288 - Metamorphosis_Helen und Pedro_klassen weddings_chateau de varennes_286\" \/><\/figure><\/div><div class=\"swiper-slide\" role=\"group\" aria-roledescription=\"slide\" aria-label=\"2 of 9\"><figure class=\"swiper-slide-inner\"><img decoding=\"async\" class=\"swiper-slide-image\" src=\"https:\/\/kaipoweddings.de\/wp-content\/uploads\/2025\/03\/260-Metamorphosis_Helen-und-Pedro_klassen-weddings_chateau-de-varennes_258-683x1024.jpg\" alt=\"260 - Metamorphosis_Helen und Pedro_klassen weddings_chateau de varennes_258\" \/><\/figure><\/div><div class=\"swiper-slide\" role=\"group\" aria-roledescription=\"slide\" aria-label=\"3 of 9\"><figure class=\"swiper-slide-inner\"><img decoding=\"async\" class=\"swiper-slide-image\" src=\"https:\/\/kaipoweddings.de\/wp-content\/uploads\/2025\/03\/300-Metamorphosis_Helen-und-Pedro_klassen-weddings_chateau-de-varennes_298-683x1024.jpg\" alt=\"300 - Metamorphosis_Helen und Pedro_klassen weddings_chateau de varennes_298\" \/><\/figure><\/div><div class=\"swiper-slide\" role=\"group\" aria-roledescription=\"slide\" aria-label=\"4 of 9\"><figure class=\"swiper-slide-inner\"><img decoding=\"async\" class=\"swiper-slide-image\" src=\"https:\/\/kaipoweddings.de\/wp-content\/uploads\/2025\/03\/319-Metamorphosis_Helen-und-Pedro_klassen-weddings_chateau-de-varennes_317-683x1024.jpg\" alt=\"319 - Metamorphosis_Helen und Pedro_klassen weddings_chateau de varennes_317\" \/><\/figure><\/div><div class=\"swiper-slide\" role=\"group\" aria-roledescription=\"slide\" aria-label=\"5 of 9\"><figure class=\"swiper-slide-inner\"><img decoding=\"async\" class=\"swiper-slide-image\" src=\"https:\/\/kaipoweddings.de\/wp-content\/uploads\/2025\/03\/298-Metamorphosis_Helen-und-Pedro_klassen-weddings_chateau-de-varennes_296-683x1024.jpg\" alt=\"298 - Metamorphosis_Helen und Pedro_klassen weddings_chateau de varennes_296\" \/><\/figure><\/div><div class=\"swiper-slide\" role=\"group\" aria-roledescription=\"slide\" aria-label=\"6 of 9\"><figure class=\"swiper-slide-inner\"><img decoding=\"async\" class=\"swiper-slide-image\" src=\"https:\/\/kaipoweddings.de\/wp-content\/uploads\/2025\/03\/280-Metamorphosis_Helen-und-Pedro_klassen-weddings_chateau-de-varennes_278-683x1024.jpg\" alt=\"280 - Metamorphosis_Helen und Pedro_klassen weddings_chateau de varennes_278\" \/><\/figure><\/div><div class=\"swiper-slide\" role=\"group\" aria-roledescription=\"slide\" aria-label=\"7 of 9\"><figure class=\"swiper-slide-inner\"><img decoding=\"async\" class=\"swiper-slide-image\" src=\"https:\/\/kaipoweddings.de\/wp-content\/uploads\/2025\/03\/258-Metamorphosis_Helen-und-Pedro_klassen-weddings_chateau-de-varennes_256-683x1024.jpg\" alt=\"258 - Metamorphosis_Helen und Pedro_klassen weddings_chateau de varennes_256\" \/><\/figure><\/div><div class=\"swiper-slide\" role=\"group\" aria-roledescription=\"slide\" aria-label=\"8 of 9\"><figure class=\"swiper-slide-inner\"><img decoding=\"async\" class=\"swiper-slide-image\" src=\"https:\/\/kaipoweddings.de\/wp-content\/uploads\/2025\/03\/289-Metamorphosis_Helen-und-Pedro_klassen-weddings_chateau-de-varennes_287-683x1024.jpg\" alt=\"289 - Metamorphosis_Helen und Pedro_klassen weddings_chateau de varennes_287\" \/><\/figure><\/div><div class=\"swiper-slide\" role=\"group\" aria-roledescription=\"slide\" aria-label=\"9 of 9\"><figure class=\"swiper-slide-inner\"><img decoding=\"async\" class=\"swiper-slide-image\" src=\"https:\/\/kaipoweddings.de\/wp-content\/uploads\/2025\/03\/277-Metamorphosis_Helen-und-Pedro_klassen-weddings_chateau-de-varennes_275-683x1024.jpg\" alt=\"277 - Metamorphosis_Helen und Pedro_klassen weddings_chateau de varennes_275\" \/><\/figure><\/div>\t\t\t<\/div>\n\t\t\t\t\t\t\t\n\t\t\t\t\t\t\t\t\t<\/div>\n\t\t\t\t\t\t<\/div>\n\t\t\t\t<\/div>\n\t\t\t\t<\/div>\n\t\t\t\t<section class=\"elementor-section elementor-top-section elementor-element elementor-element-182729a elementor-section-height-min-height elementor-section-full_width elementor-section-items-stretch elementor-section-content-middle elementor-section-height-default\" data-id=\"182729a\" data-element_type=\"section\" data-e-type=\"section\" data-settings=\"{&quot;background_background&quot;:&quot;classic&quot;}\">\n\t\t\t\t\t\t<div class=\"elementor-container elementor-column-gap-no\">\n\t\t\t\t\t<div class=\"elementor-column elementor-col-50 elementor-top-column elementor-element elementor-element-610c207\" data-id=\"610c207\" data-element_type=\"column\" data-e-type=\"column\" data-settings=\"{&quot;background_background&quot;:&quot;classic&quot;}\">\n\t\t\t<div class=\"elementor-widget-wrap elementor-element-populated\">\n\t\t\t\t\t\t<div class=\"elementor-element elementor-element-eaf01b2 elementor-widget elementor-widget-heading\" data-id=\"eaf01b2\" data-element_type=\"widget\" data-e-type=\"widget\" data-widget_type=\"heading.default\">\n\t\t\t\t\t<h2 class=\"elementor-heading-title elementor-size-default\"><p><b>Kostenloses Beratungsgespr\u00e4ch<\/b> vereinbaren<span style=\"background-color: var( --e-global-color-65e875c0 )\"><\/span><\/p><\/h2>\t\t\t\t<\/div>\n\t\t\t\t<div class=\"elementor-element elementor-element-f83c88e elementor-align-center elementor-widget elementor-widget-button\" data-id=\"f83c88e\" data-element_type=\"widget\" data-e-type=\"widget\" data-widget_type=\"button.default\">\n\t\t\t\t\t\t\t\t\t\t<a class=\"elementor-button elementor-button-link elementor-size-sm elementor-animation-hang\" href=\"https:\/\/tally.so\/r\/3y6kQX\" target=\"_blank\" rel=\"noopener\">\n\t\t\t\t\t\t<span class=\"elementor-button-content-wrapper\">\n\t\t\t\t\t\t\t\t\t<span class=\"elementor-button-text\">Zum Beratungsgespr\u00e4ch \u27f6<\/span>\n\t\t\t\t\t<\/span>\n\t\t\t\t\t<\/a>\n\t\t\t\t\t\t\t\t<\/div>\n\t\t\t\t<div class=\"elementor-element elementor-element-d839b59 elementor-shape-rounded elementor-grid-0 e-grid-align-center elementor-widget elementor-widget-social-icons\" data-id=\"d839b59\" data-element_type=\"widget\" data-e-type=\"widget\" data-widget_type=\"social-icons.default\">\n\t\t\t\t\t\t\t<div class=\"elementor-social-icons-wrapper elementor-grid\">\n\t\t\t\t\t\t\t<span class=\"elementor-grid-item\">\n\t\t\t\t\t<a class=\"elementor-icon elementor-social-icon elementor-social-icon-instagram elementor-repeater-item-56ce1a6\" href=\"https:\/\/www.instagram.com\/kaipoweddings\/\" target=\"_blank\" rel=\"noopener\">\n\t\t\t\t\t\t<span class=\"elementor-screen-only\">Instagram<\/span>\n\t\t\t\t\t\t<svg aria-hidden=\"true\" class=\"e-font-icon-svg e-fab-instagram\" viewBox=\"0 0 448 512\" xmlns=\"http:\/\/www.w3.org\/2000\/svg\"><path d=\"M224.1 141c-63.6 0-114.9 51.3-114.9 114.9s51.3 114.9 114.9 114.9S339 319.5 339 255.9 287.7 141 224.1 141zm0 189.6c-41.1 0-74.7-33.5-74.7-74.7s33.5-74.7 74.7-74.7 74.7 33.5 74.7 74.7-33.6 74.7-74.7 74.7zm146.4-194.3c0 14.9-12 26.8-26.8 26.8-14.9 0-26.8-12-26.8-26.8s12-26.8 26.8-26.8 26.8 12 26.8 26.8zm76.1 27.2c-1.7-35.9-9.9-67.7-36.2-93.9-26.2-26.2-58-34.4-93.9-36.2-37-2.1-147.9-2.1-184.9 0-35.8 1.7-67.6 9.9-93.9 36.1s-34.4 58-36.2 93.9c-2.1 37-2.1 147.9 0 184.9 1.7 35.9 9.9 67.7 36.2 93.9s58 34.4 93.9 36.2c37 2.1 147.9 2.1 184.9 0 35.9-1.7 67.7-9.9 93.9-36.2 26.2-26.2 34.4-58 36.2-93.9 2.1-37 2.1-147.8 0-184.8zM398.8 388c-7.8 19.6-22.9 34.7-42.6 42.6-29.5 11.7-99.5 9-132.1 9s-102.7 2.6-132.1-9c-19.6-7.8-34.7-22.9-42.6-42.6-11.7-29.5-9-99.5-9-132.1s-2.6-102.7 9-132.1c7.8-19.6 22.9-34.7 42.6-42.6 29.5-11.7 99.5-9 132.1-9s102.7-2.6 132.1 9c19.6 7.8 34.7 22.9 42.6 42.6 11.7 29.5 9 99.5 9 132.1s2.7 102.7-9 132.1z\"><\/path><\/svg>\t\t\t\t\t<\/a>\n\t\t\t\t<\/span>\n\t\t\t\t\t<\/div>\n\t\t\t\t\t\t<\/div>\n\t\t\t\t\t<\/div>\n\t\t<\/div>\n\t\t\t\t<div class=\"elementor-column elementor-col-50 elementor-top-column elementor-element elementor-element-bbd4533 elementor-hidden-mobile\" data-id=\"bbd4533\" data-element_type=\"column\" data-e-type=\"column\" data-settings=\"{&quot;background_background&quot;:&quot;classic&quot;}\">\n\t\t\t<div class=\"elementor-widget-wrap elementor-element-populated\">\n\t\t\t\t\t\t<div class=\"elementor-element elementor-element-191a92f elementor-widget elementor-widget-spacer\" data-id=\"191a92f\" data-element_type=\"widget\" data-e-type=\"widget\" data-widget_type=\"spacer.default\">\n\t\t\t\t\t\t\t<div class=\"elementor-spacer\">\n\t\t\t<div class=\"elementor-spacer-inner\"><\/div>\n\t\t<\/div>\n\t\t\t\t\t\t<\/div>\n\t\t\t\t\t<\/div>\n\t\t<\/div>\n\t\t\t\t\t<\/div>\n\t\t<\/section>\n\t\t\t\t<\/div>\n\t\t","protected":false},"excerpt":{"rendered":"<p>Euer Style &amp; Vibe Blueprint Wie ihr die perfekte Location f\u00fcr eure Destination Wedding in Italien findet, worauf ihr achten m\u00fcsst, was Locations in Italien kosten und wie ihr eure Hochzeit mit der richtigen Location mit absolut einzigartigen Highlights upgraden k\u00f6nnt.\u00a0 Kostenloses Beratungsgespr\u00e4ch vereinbaren \u27f6 Kostenloses Beratungsgespr\u00e4ch Kontaktformular &amp; Erstgespr\u00e4ch Um ein kostenloses Beratungsgespr\u00e4ch mit [&hellip;]<\/p>\n","protected":false},"author":1,"featured_media":0,"parent":0,"menu_order":0,"comment_status":"closed","ping_status":"closed","template":"elementor_header_footer","meta":{"_uag_custom_page_level_css":"","footnotes":""},"class_list":["post-2429","page","type-page","status-publish","hentry"],"uagb_featured_image_src":{"full":false,"thumbnail":false,"medium":false,"medium_large":false,"large":false,"1536x1536":false,"2048x2048":false,"trp-custom-language-flag":false},"uagb_author_info":{"display_name":"kaipoweddings","author_link":"https:\/\/kaipoweddings.de\/en\/author\/kaipoweddings\/"},"uagb_comment_info":0,"uagb_excerpt":"Euer Style &amp; Vibe Blueprint Wie ihr die perfekte Location f\u00fcr eure Destination Wedding in Italien findet, worauf ihr achten m\u00fcsst, was Locations in Italien kosten und wie ihr eure Hochzeit mit der richtigen Location mit absolut einzigartigen Highlights upgraden k\u00f6nnt.\u00a0 Kostenloses Beratungsgespr\u00e4ch vereinbaren \u27f6 Kostenloses Beratungsgespr\u00e4ch Kontaktformular &amp; Erstgespr\u00e4ch Um ein kostenloses Beratungsgespr\u00e4ch mit&hellip;","_links":{"self":[{"href":"https:\/\/kaipoweddings.de\/en\/wp-json\/wp\/v2\/pages\/2429","targetHints":{"allow":["GET"]}}],"collection":[{"href":"https:\/\/kaipoweddings.de\/en\/wp-json\/wp\/v2\/pages"}],"about":[{"href":"https:\/\/kaipoweddings.de\/en\/wp-json\/wp\/v2\/types\/page"}],"author":[{"embeddable":true,"href":"https:\/\/kaipoweddings.de\/en\/wp-json\/wp\/v2\/users\/1"}],"replies":[{"embeddable":true,"href":"https:\/\/kaipoweddings.de\/en\/wp-json\/wp\/v2\/comments?post=2429"}],"version-history":[{"count":10,"href":"https:\/\/kaipoweddings.de\/en\/wp-json\/wp\/v2\/pages\/2429\/revisions"}],"predecessor-version":[{"id":3870,"href":"https:\/\/kaipoweddings.de\/en\/wp-json\/wp\/v2\/pages\/2429\/revisions\/3870"}],"wp:attachment":[{"href":"https:\/\/kaipoweddings.de\/en\/wp-json\/wp\/v2\/media?parent=2429"}],"curies":[{"name":"wp","href":"https:\/\/api.w.org\/{rel}","templated":true}]}}