{"id":1193,"date":"2024-08-02T22:06:04","date_gmt":"2024-08-02T20:06:04","guid":{"rendered":"https:\/\/kaipoweddings.de\/?page_id=1193"},"modified":"2024-08-02T22:49:46","modified_gmt":"2024-08-02T20:49:46","slug":"basvurunuz-icin-tesekkuer-ederiz","status":"publish","type":"page","link":"https:\/\/kaipoweddings.de\/tr\/basvurunuz-icin-tesekkuer-ederiz\/","title":{"rendered":"Ba\u015fvurunuz i\u00e7in te\u015fekk\u00fcr ederiz!"},"content":{"rendered":"<div data-elementor-type=\"wp-page\" data-elementor-id=\"1193\" class=\"elementor elementor-1193\" data-elementor-post-type=\"page\">\n\t\t\t\t\t\t<section class=\"elementor-section elementor-top-section elementor-element elementor-element-4440b86 elementor-section-boxed elementor-section-height-default elementor-section-height-default\" data-id=\"4440b86\" data-element_type=\"section\" data-e-type=\"section\" data-settings=\"{&quot;background_background&quot;:&quot;classic&quot;}\">\n\t\t\t\t\t\t<div class=\"elementor-container elementor-column-gap-default\">\n\t\t\t\t\t<div class=\"elementor-column elementor-col-100 elementor-top-column elementor-element elementor-element-471ccbc8\" data-id=\"471ccbc8\" data-element_type=\"column\" data-e-type=\"column\" data-settings=\"{&quot;background_background&quot;:&quot;classic&quot;}\">\n\t\t\t<div class=\"elementor-widget-wrap elementor-element-populated\">\n\t\t\t\t\t\t<div class=\"elementor-element elementor-element-54dc9dc0 elementor-widget elementor-widget-heading\" data-id=\"54dc9dc0\" data-element_type=\"widget\" data-e-type=\"widget\" data-widget_type=\"heading.default\">\n\t\t\t\t\t<h1 class=\"elementor-heading-title elementor-size-default\">Ba\u015fvurunuz i\u00e7in te\u015fekk\u00fcr ederiz!<\/h1>\t\t\t\t<\/div>\n\t\t\t\t<div class=\"elementor-element elementor-element-2b75281f elementor-widget elementor-widget-text-editor\" data-id=\"2b75281f\" data-element_type=\"widget\" data-e-type=\"widget\" data-widget_type=\"text-editor.default\">\n\t\t\t\t\t\t\t\t\t<p style=\"text-align: center;\">Biz <u>kontrol et<\/u>size yard\u0131mc\u0131 olup olamayaca\u011f\u0131m\u0131z\u0131 ve nas\u0131l yard\u0131mc\u0131 olabilece\u011fimizi. Genellikle&nbsp;<b>i\u00e7inde&nbsp;<\/b><b>48 saatten itibaren<\/b> size geri d\u00f6necektir. Bu nedenle, \u00f6n\u00fcm\u00fczdeki birka\u00e7 g\u00fcn i\u00e7inde verdi\u011finiz numaradan size ula\u015f\u0131labilece\u011finden kesinlikle emin olun.<\/p>\t\t\t\t\t\t\t\t<\/div>\n\t\t\t\t<div class=\"elementor-element elementor-element-581edbed elementor-widget elementor-widget-heading\" data-id=\"581edbed\" data-element_type=\"widget\" data-e-type=\"widget\" data-widget_type=\"heading.default\">\n\t\t\t\t\t<h2 class=\"elementor-heading-title elementor-size-default\">\u015eimdi \u015fu videoyu izleyin:<\/h2>\t\t\t\t<\/div>\n\t\t\t\t<div class=\"elementor-element elementor-element-0e7735e elementor-widget elementor-widget-html\" data-id=\"0e7735e\" data-element_type=\"widget\" data-e-type=\"widget\" data-widget_type=\"html.default\">\n\t\t\t\t\t<script src=\"https:\/\/fast.wistia.com\/embed\/medias\/3208b9eovd.jsonp\" async><\/script><script src=\"https:\/\/fast.wistia.com\/assets\/external\/E-v1.js\" async><\/script><div class=\"wistia_responsive_padding\" style=\"padding:56.25% 0 0 0;position:relative;\"><div class=\"wistia_responsive_wrapper\" style=\"height:100%;left:0;position:absolute;top:0;width:100%;\"><div class=\"wistia_embed wistia_async_3208b9eovd seo=true videoFoam=true\" style=\"height:100%;position:relative;width:100%\"><div class=\"wistia_swatch\" style=\"height:100%;left:0;opacity:0;overflow:hidden;position:absolute;top:0;transition:opacity 200ms;width:100%;\"><img decoding=\"async\" src=\"https:\/\/fast.wistia.com\/embed\/medias\/3208b9eovd\/swatch\" style=\"filter:blur(5px);height:100%;object-fit:contain;width:100%;\" alt=\"\" aria-hidden=\"true\" onload=\"this.parentNode.style.opacity=1;\" \/><\/div><\/div><\/div><\/div>\t\t\t\t<\/div>\n\t\t\t\t<div class=\"elementor-element elementor-element-73c76af elementor-widget elementor-widget-text-editor\" data-id=\"73c76af\" data-element_type=\"widget\" data-e-type=\"widget\" data-widget_type=\"text-editor.default\">\n\t\t\t\t\t\t\t\t\t<p style=\"text-align: center;\">Bu arada, Instagram profilimize g\u00f6z atabilirsiniz <strong>- bize abone olmay\u0131 unutmay\u0131n \ud83d\ude42<\/strong><\/p>\t\t\t\t\t\t\t\t<\/div>\n\t\t\t\t<div class=\"elementor-element elementor-element-52bc0ee9 elementor-align-center elementor-mobile-align-center elementor-widget elementor-widget-button\" data-id=\"52bc0ee9\" data-element_type=\"widget\" data-e-type=\"widget\" data-widget_type=\"button.default\">\n\t\t\t\t\t\t\t\t\t\t<a class=\"elementor-button elementor-button-link elementor-size-lg\" href=\"https:\/\/www.instagram.com\/kaipoweddings\/\" target=\"_blank\" rel=\"noopener\">\n\t\t\t\t\t\t<span class=\"elementor-button-content-wrapper\">\n\t\t\t\t\t\t<span class=\"elementor-button-icon\">\n\t\t\t\t<svg aria-hidden=\"true\" class=\"e-font-icon-svg e-fab-instagram\" viewbox=\"0 0 448 512\" xmlns=\"http:\/\/www.w3.org\/2000\/svg\"><path d=\"M224.1 141c-63.6 0-114.9 51.3-114.9 114.9s51.3 114.9 114.9 114.9S339 319.5 339 255.9 287.7 141 224.1 141zm0 189.6c-41.1 0-74.7-33.5-74.7-74.7s33.5-74.7 74.7-74.7 74.7 33.5 74.7 74.7-33.6 74.7-74.7 74.7zm146.4-194.3c0 14.9-12 26.8-26.8 26.8-14.9 0-26.8-12-26.8-26.8s12-26.8 26.8-26.8 26.8 12 26.8 26.8zm76.1 27.2c-1.7-35.9-9.9-67.7-36.2-93.9-26.2-26.2-58-34.4-93.9-36.2-37-2.1-147.9-2.1-184.9 0-35.8 1.7-67.6 9.9-93.9 36.1s-34.4 58-36.2 93.9c-2.1 37-2.1 147.9 0 184.9 1.7 35.9 9.9 67.7 36.2 93.9s58 34.4 93.9 36.2c37 2.1 147.9 2.1 184.9 0 35.9-1.7 67.7-9.9 93.9-36.2 26.2-26.2 34.4-58 36.2-93.9 2.1-37 2.1-147.8 0-184.8zM398.8 388c-7.8 19.6-22.9 34.7-42.6 42.6-29.5 11.7-99.5 9-132.1 9s-102.7 2.6-132.1-9c-19.6-7.8-34.7-22.9-42.6-42.6-11.7-29.5-9-99.5-9-132.1s-2.6-102.7 9-132.1c7.8-19.6 22.9-34.7 42.6-42.6 29.5-11.7 99.5-9 132.1-9s102.7-2.6 132.1 9c19.6 7.8 34.7 22.9 42.6 42.6 11.7 29.5 9 99.5 9 132.1s2.7 102.7-9 132.1z\"><\/path><\/svg>\t\t\t<\/span>\n\t\t\t\t\t\t\t\t\t<span class=\"elementor-button-text\">Instagram profilimize<\/span>\n\t\t\t\t\t<\/span>\n\t\t\t\t\t<\/a>\n\t\t\t\t\t\t\t\t<\/div>\n\t\t\t\t\t<\/div>\n\t\t<\/div>\n\t\t\t\t\t<\/div>\n\t\t<\/section>\n\t\t\t\t<\/div>","protected":false},"excerpt":{"rendered":"<p>Vielen Dank f\u00fcr deine Bewerbung! Wir \u00fcberpr\u00fcfen, ob und wie&nbsp;wir dir weiterhelfen k\u00f6nnen.&nbsp;Wir werden uns in der Regel&nbsp;innerhalb&nbsp;von 48 Stunden bei dir melden. Stell also unbedingt sicher, dass du innerhalb der n\u00e4chsten Tage auf der von dir angegebenen Nummer auch gut erreichbar bist. Sieh dir nun dieses Video an: In der Zwischenzeit kannst du dich [&hellip;]<\/p>\n","protected":false},"author":1,"featured_media":0,"parent":0,"menu_order":0,"comment_status":"closed","ping_status":"closed","template":"elementor_header_footer","meta":{"_uag_custom_page_level_css":"","footnotes":""},"class_list":["post-1193","page","type-page","status-publish","hentry"],"uagb_featured_image_src":{"full":false,"thumbnail":false,"medium":false,"medium_large":false,"large":false,"1536x1536":false,"2048x2048":false,"trp-custom-language-flag":false},"uagb_author_info":{"display_name":"kaipoweddings","author_link":"https:\/\/kaipoweddings.de\/tr\/author\/kaipoweddings\/"},"uagb_comment_info":0,"uagb_excerpt":"Vielen Dank f\u00fcr deine Bewerbung! Wir \u00fcberpr\u00fcfen, ob und wie&nbsp;wir dir weiterhelfen k\u00f6nnen.&nbsp;Wir werden uns in der Regel&nbsp;innerhalb&nbsp;von 48 Stunden bei dir melden. Stell also unbedingt sicher, dass du innerhalb der n\u00e4chsten Tage auf der von dir angegebenen Nummer auch gut erreichbar bist. Sieh dir nun dieses Video an: In der Zwischenzeit kannst du dich&hellip;","_links":{"self":[{"href":"https:\/\/kaipoweddings.de\/tr\/wp-json\/wp\/v2\/pages\/1193","targetHints":{"allow":["GET"]}}],"collection":[{"href":"https:\/\/kaipoweddings.de\/tr\/wp-json\/wp\/v2\/pages"}],"about":[{"href":"https:\/\/kaipoweddings.de\/tr\/wp-json\/wp\/v2\/types\/page"}],"author":[{"embeddable":true,"href":"https:\/\/kaipoweddings.de\/tr\/wp-json\/wp\/v2\/users\/1"}],"replies":[{"embeddable":true,"href":"https:\/\/kaipoweddings.de\/tr\/wp-json\/wp\/v2\/comments?post=1193"}],"version-history":[{"count":11,"href":"https:\/\/kaipoweddings.de\/tr\/wp-json\/wp\/v2\/pages\/1193\/revisions"}],"predecessor-version":[{"id":1224,"href":"https:\/\/kaipoweddings.de\/tr\/wp-json\/wp\/v2\/pages\/1193\/revisions\/1224"}],"wp:attachment":[{"href":"https:\/\/kaipoweddings.de\/tr\/wp-json\/wp\/v2\/media?parent=1193"}],"curies":[{"name":"wp","href":"https:\/\/api.w.org\/{rel}","templated":true}]}}