{"id":3968,"date":"2025-05-27T15:35:41","date_gmt":"2025-05-27T13:35:41","guid":{"rendered":"https:\/\/kaipoweddings.de\/?page_id=3968"},"modified":"2026-01-01T23:10:03","modified_gmt":"2026-01-01T22:10:03","slug":"uecretsi%cc%87z-danismanlik-goeruesmesi%cc%87","status":"publish","type":"page","link":"https:\/\/kaipoweddings.de\/tr\/uecretsi%cc%87z-danismanlik-goeruesmesi%cc%87\/","title":{"rendered":"Kur\u015fun formu"},"content":{"rendered":"<div data-elementor-type=\"wp-page\" data-elementor-id=\"3968\" class=\"elementor elementor-3968\" data-elementor-post-type=\"page\">\n\t\t\t\t<div class=\"elementor-element elementor-element-faf51ff e-con-full e-flex e-con e-parent\" data-id=\"faf51ff\" data-element_type=\"container\" data-e-type=\"container\" data-settings=\"{&quot;background_background&quot;:&quot;classic&quot;}\">\n\t\t<div class=\"elementor-element elementor-element-851c1f4 e-con-full e-flex e-con e-child\" data-id=\"851c1f4\" data-element_type=\"container\" data-e-type=\"container\">\n\t\t\t\t<div class=\"elementor-element elementor-element-b7cc538 elementor-widget elementor-widget-heading\" data-id=\"b7cc538\" data-element_type=\"widget\" data-e-type=\"widget\" data-widget_type=\"heading.default\">\n\t\t\t\t\t<h2 class=\"elementor-heading-title elementor-size-default\"><p>\u00dccretsiz dan\u0131\u015fmanl\u0131k <i>Kaipo D\u00fc\u011f\u00fcnleri<\/i> kat\u0131l\u0131yorum<\/p><\/h2>\t\t\t\t<\/div>\n\t\t\t\t<div class=\"elementor-element elementor-element-318ce99 elementor-widget elementor-widget-text-editor\" data-id=\"318ce99\" data-element_type=\"widget\" data-e-type=\"widget\" data-widget_type=\"text-editor.default\">\n\t\t\t\t\t\t\t\t\t<p>L\u00fctfen t\u00fcm sorular\u0131 yan\u0131tlayarak \u00fccretsiz, y\u00fck\u00fcml\u00fcl\u00fck gerektirmeyen bir dan\u0131\u015fmanl\u0131k i\u00e7in kaydolun. Sadece 2 dakika s\u00fcrer.<\/p>\t\t\t\t\t\t\t\t<\/div>\n\t\t\t\t<div class=\"elementor-element elementor-element-568dd36 elementor-widget__width-inherit elementor-widget elementor-widget-html\" data-id=\"568dd36\" data-element_type=\"widget\" data-e-type=\"widget\" data-widget_type=\"html.default\">\n\t\t\t\t\t<script type=\"text\/javascript\" src=\"https:\/\/form.jotform.com\/jsform\/251464066183053\"><\/script>\t\t\t\t<\/div>\n\t\t\t\t<\/div>\n\t\t\t\t<\/div>\n\t\t<div class=\"elementor-element elementor-element-6582e5f e-con-full e-flex e-con e-parent\" data-id=\"6582e5f\" data-element_type=\"container\" data-e-type=\"container\">\n\t\t<div class=\"elementor-element elementor-element-e2d9dfa e-con-full e-flex e-con e-child\" data-id=\"e2d9dfa\" data-element_type=\"container\" data-e-type=\"container\">\n\t\t\t\t<div class=\"elementor-element elementor-element-16e3057 elementor-widget elementor-widget-image-carousel\" data-id=\"16e3057\" data-element_type=\"widget\" data-e-type=\"widget\" data-settings=\"{&quot;slides_to_show&quot;:&quot;7&quot;,&quot;slides_to_show_mobile&quot;:&quot;4&quot;,&quot;slides_to_scroll&quot;:&quot;1&quot;,&quot;navigation&quot;:&quot;none&quot;,&quot;autoplay_speed&quot;:0,&quot;speed&quot;:7000,&quot;image_spacing_custom&quot;:{&quot;unit&quot;:&quot;px&quot;,&quot;size&quot;:8,&quot;sizes&quot;:[]},&quot;autoplay&quot;:&quot;yes&quot;,&quot;pause_on_hover&quot;:&quot;yes&quot;,&quot;pause_on_interaction&quot;:&quot;yes&quot;,&quot;infinite&quot;:&quot;yes&quot;,&quot;image_spacing_custom_tablet&quot;:{&quot;unit&quot;:&quot;px&quot;,&quot;size&quot;:&quot;&quot;,&quot;sizes&quot;:[]},&quot;image_spacing_custom_mobile&quot;:{&quot;unit&quot;:&quot;px&quot;,&quot;size&quot;:&quot;&quot;,&quot;sizes&quot;:[]}}\" data-widget_type=\"image-carousel.default\">\n\t\t\t\t\t\t\t<div class=\"elementor-image-carousel-wrapper swiper\" role=\"region\" aria-roledescription=\"carousel\" aria-label=\"Resim karuseli\" dir=\"ltr\">\n\t\t\t<div class=\"elementor-image-carousel swiper-wrapper\" aria-live=\"off\">\n\t\t\t\t\t\t\t\t<div class=\"swiper-slide\" role=\"group\" aria-roledescription=\"slide\" aria-label=\"9&#039;dan 1\"><figure class=\"swiper-slide-inner\"><img decoding=\"async\" class=\"swiper-slide-image\" src=\"https:\/\/kaipoweddings.de\/wp-content\/uploads\/2025\/03\/288-Metamorphosis_Helen-und-Pedro_klassen-weddings_chateau-de-varennes_286-683x1024.jpg\" alt=\"288 - Metamorfoz_Helen ve Pedro_class weddings_chateau de varennes_286\" \/><\/figure><\/div><div class=\"swiper-slide\" role=\"group\" aria-roledescription=\"slide\" aria-label=\"9&#039;dan 2\"><figure class=\"swiper-slide-inner\"><img decoding=\"async\" class=\"swiper-slide-image\" src=\"https:\/\/kaipoweddings.de\/wp-content\/uploads\/2025\/03\/260-Metamorphosis_Helen-und-Pedro_klassen-weddings_chateau-de-varennes_258-683x1024.jpg\" alt=\"260 - Metamorfoz_Helen ve Pedro_class weddings_chateau de varennes_258\" \/><\/figure><\/div><div class=\"swiper-slide\" role=\"group\" aria-roledescription=\"slide\" aria-label=\"9&#039;dan 3\"><figure class=\"swiper-slide-inner\"><img decoding=\"async\" class=\"swiper-slide-image\" src=\"https:\/\/kaipoweddings.de\/wp-content\/uploads\/2025\/03\/300-Metamorphosis_Helen-und-Pedro_klassen-weddings_chateau-de-varennes_298-683x1024.jpg\" alt=\"300 - Metamorfoz_Helen ve Pedro_class weddings_chateau de varennes_298\" \/><\/figure><\/div><div class=\"swiper-slide\" role=\"group\" aria-roledescription=\"slide\" aria-label=\"9&#039;dan 4\"><figure class=\"swiper-slide-inner\"><img decoding=\"async\" class=\"swiper-slide-image\" src=\"https:\/\/kaipoweddings.de\/wp-content\/uploads\/2025\/03\/319-Metamorphosis_Helen-und-Pedro_klassen-weddings_chateau-de-varennes_317-683x1024.jpg\" alt=\"319 - Metamorfoz_Helen ve Pedro_class weddings_chateau de varennes_317\" \/><\/figure><\/div><div class=\"swiper-slide\" role=\"group\" aria-roledescription=\"slide\" aria-label=\"9&#039;dan 5&#039;e\"><figure class=\"swiper-slide-inner\"><img decoding=\"async\" class=\"swiper-slide-image\" src=\"https:\/\/kaipoweddings.de\/wp-content\/uploads\/2025\/03\/298-Metamorphosis_Helen-und-Pedro_klassen-weddings_chateau-de-varennes_296-683x1024.jpg\" alt=\"298 - Metamorfoz_Helen ve Pedro_class weddings_chateau de varennes_296\" \/><\/figure><\/div><div class=\"swiper-slide\" role=\"group\" aria-roledescription=\"slide\" aria-label=\"9&#039;dan 6&#039;ya\"><figure class=\"swiper-slide-inner\"><img decoding=\"async\" class=\"swiper-slide-image\" src=\"https:\/\/kaipoweddings.de\/wp-content\/uploads\/2025\/03\/280-Metamorphosis_Helen-und-Pedro_klassen-weddings_chateau-de-varennes_278-683x1024.jpg\" alt=\"280 - Metamorfoz_Helen ve Pedro_class weddings_chateau de varennes_278\" \/><\/figure><\/div><div class=\"swiper-slide\" role=\"group\" aria-roledescription=\"slide\" aria-label=\"9&#039;dan 7&#039;ye\"><figure class=\"swiper-slide-inner\"><img decoding=\"async\" class=\"swiper-slide-image\" src=\"https:\/\/kaipoweddings.de\/wp-content\/uploads\/2025\/03\/258-Metamorphosis_Helen-und-Pedro_klassen-weddings_chateau-de-varennes_256-683x1024.jpg\" alt=\"258 - Metamorfoz_Helen ve Pedro_class weddings_chateau de varennes_256\" \/><\/figure><\/div><div class=\"swiper-slide\" role=\"group\" aria-roledescription=\"slide\" aria-label=\"9&#039;dan 8&#039;e\"><figure class=\"swiper-slide-inner\"><img decoding=\"async\" class=\"swiper-slide-image\" src=\"https:\/\/kaipoweddings.de\/wp-content\/uploads\/2025\/03\/289-Metamorphosis_Helen-und-Pedro_klassen-weddings_chateau-de-varennes_287-683x1024.jpg\" alt=\"289 - Metamorfoz_Helen ve Pedro_class weddings_chateau de varennes_287\" \/><\/figure><\/div><div class=\"swiper-slide\" role=\"group\" aria-roledescription=\"slide\" aria-label=\"9&#039;dan 9&#039;a\"><figure class=\"swiper-slide-inner\"><img decoding=\"async\" class=\"swiper-slide-image\" src=\"https:\/\/kaipoweddings.de\/wp-content\/uploads\/2025\/03\/277-Metamorphosis_Helen-und-Pedro_klassen-weddings_chateau-de-varennes_275-683x1024.jpg\" alt=\"277 - Metamorfoz_Helen ve Pedro_class weddings_chateau de varennes_275\" \/><\/figure><\/div>\t\t\t<\/div>\n\t\t\t\t\t\t\t\n\t\t\t\t\t\t\t\t\t<\/div>\n\t\t\t\t\t\t<\/div>\n\t\t\t\t<\/div>\n\t\t\t\t<\/div>\n\t\t<div class=\"elementor-element elementor-element-008782a e-con-full e-flex e-con e-parent\" data-id=\"008782a\" data-element_type=\"container\" data-e-type=\"container\">\n\t\t<div class=\"elementor-element elementor-element-5666227 e-con-full e-flex e-con e-child\" data-id=\"5666227\" data-element_type=\"container\" data-e-type=\"container\">\n\t\t\t\t<div class=\"elementor-element elementor-element-e06b6b6 elementor-widget elementor-widget-heading\" data-id=\"e06b6b6\" data-element_type=\"widget\" data-e-type=\"widget\" data-widget_type=\"heading.default\">\n\t\t\t\t\t<h2 class=\"elementor-heading-title elementor-size-default\">\u00dccretsiz dan\u0131\u015fmanl\u0131k<\/h2>\t\t\t\t<\/div>\n\t\t\t\t<div class=\"elementor-element elementor-element-ad7b863 elementor-widget elementor-widget-heading\" data-id=\"ad7b863\" data-element_type=\"widget\" data-e-type=\"widget\" data-widget_type=\"heading.default\">\n\t\t\t\t\t<h3 class=\"elementor-heading-title elementor-size-default\">\u0130leti\u015fim formu ve ilk dan\u0131\u015fmanl\u0131k<\/h3>\t\t\t\t<\/div>\n\t\t\t\t<div class=\"elementor-element elementor-element-afe4f1c elementor-widget elementor-widget-text-editor\" data-id=\"afe4f1c\" data-element_type=\"widget\" data-e-type=\"widget\" data-widget_type=\"text-editor.default\">\n\t\t\t\t\t\t\t\t\t<p>Bizimle \u00fccretsiz bir dan\u0131\u015fma g\u00f6r\u00fc\u015fmesi ayarlamak i\u00e7in ileti\u015fim formunu doldurman\u0131z yeterlidir - sadece \u00fc\u00e7 dakika i\u00e7inde i\u015fleminiz tamamlanm\u0131\u015f olacakt\u0131r. Fikirlerinizin ilk kilit noktalar\u0131n\u0131 k\u0131sa bir telefon g\u00f6r\u00fc\u015fmesinde tart\u0131\u015fmak i\u00e7in 48 saat i\u00e7inde sizinle ki\u015fisel olarak ileti\u015fime ge\u00e7ece\u011fiz. Size yard\u0131mc\u0131 olup olamayaca\u011f\u0131m\u0131z\u0131 birlikte \u00f6\u011frenece\u011fiz. Her \u015fey uygunsa, dan\u0131\u015fma i\u00e7in bir tarih belirleyece\u011fiz.<\/p>\t\t\t\t\t\t\t\t<\/div>\n\t\t\t\t<div class=\"elementor-element elementor-element-ac73635 elementor-widget elementor-widget-heading\" data-id=\"ac73635\" data-element_type=\"widget\" data-e-type=\"widget\" data-widget_type=\"heading.default\">\n\t\t\t\t\t<h3 class=\"elementor-heading-title elementor-size-default\">Dan\u0131\u015fmanl\u0131k g\u00f6r\u00fc\u015fmesi<\/h3>\t\t\t\t<\/div>\n\t\t\t\t<div class=\"elementor-element elementor-element-6d458ed elementor-widget elementor-widget-text-editor\" data-id=\"6d458ed\" data-element_type=\"widget\" data-e-type=\"widget\" data-widget_type=\"text-editor.default\">\n\t\t\t\t\t\t\t\t\t<p>\u00dccretsiz dan\u0131\u015fmanl\u0131k s\u0131ras\u0131nda d\u00fc\u011f\u00fcn planlar\u0131n\u0131z\u0131 derinlemesine inceleyece\u011fiz. Yakla\u015f\u0131k 90-120 dakika i\u00e7inde, her zaman ger\u00e7ek\u00e7i ve her zaman b\u00fct\u00e7enizi g\u00f6z \u00f6n\u00fcnde bulundurarak size ilham verecek ve olas\u0131l\u0131klara ayr\u0131nt\u0131l\u0131 bir genel bak\u0131\u015f sunaca\u011f\u0131z. Akl\u0131n\u0131zdaki d\u00fc\u011f\u00fcn\u00fc tam olarak nas\u0131l ger\u00e7ekle\u015ftirebilece\u011finize dair bir yol haritas\u0131 olu\u015fturuyoruz.<\/p>\t\t\t\t\t\t\t\t<\/div>\n\t\t\t\t<div class=\"elementor-element elementor-element-964874a elementor-widget elementor-widget-heading\" data-id=\"964874a\" data-element_type=\"widget\" data-e-type=\"widget\" data-widget_type=\"heading.default\">\n\t\t\t\t\t<h3 class=\"elementor-heading-title elementor-size-default\">\u0130\u015fe Al\u0131\u015ft\u0131rma ve Ba\u015flang\u0131\u00e7<\/h3>\t\t\t\t<\/div>\n\t\t\t\t<div class=\"elementor-element elementor-element-5d0a594 elementor-widget elementor-widget-text-editor\" data-id=\"5d0a594\" data-element_type=\"widget\" data-e-type=\"widget\" data-widget_type=\"text-editor.default\">\n\t\t\t\t\t\t\t\t\t<p>Kons\u00fcltasyondan sonra bizimle \u00e7al\u0131\u015fmaya karar verirseniz, ayr\u0131nt\u0131l\u0131 bir onboarding ile ba\u015flayaca\u011f\u0131z: Art\u0131k Kaipo Weddings'in gelin \u00e7iftisiniz ve ger\u00e7ekten harika bir zaman ge\u00e7irmeyi bekleyebilirsiniz. Ve tabii ki ger\u00e7ekten harika bir d\u00fc\u011f\u00fcn.\u00a0\u00a0<\/p>\t\t\t\t\t\t\t\t<\/div>\n\t\t\t\t<div class=\"elementor-element elementor-element-7e1e716 elementor-align-center elementor-mobile-align-center elementor-widget elementor-widget-button\" data-id=\"7e1e716\" data-element_type=\"widget\" data-e-type=\"widget\" data-widget_type=\"button.default\">\n\t\t\t\t\t\t\t\t\t\t<a class=\"elementor-button elementor-button-link elementor-size-sm elementor-animation-hang\" href=\"https:\/\/tally.so\/r\/mZg9Do\" target=\"_blank\" rel=\"noopener\">\n\t\t\t\t\t\t<span class=\"elementor-button-content-wrapper\">\n\t\t\t\t\t\t\t\t\t<span class=\"elementor-button-text\">\u00dccretsiz bir dan\u0131\u015fmanl\u0131k ayarlay\u0131n \u27f6<\/span>\n\t\t\t\t\t<\/span>\n\t\t\t\t\t<\/a>\n\t\t\t\t\t\t\t\t<\/div>\n\t\t\t\t<\/div>\n\t\t\t\t<\/div>\n\t\t\t\t<section class=\"elementor-section elementor-top-section elementor-element elementor-element-182729a elementor-section-height-min-height elementor-section-full_width elementor-section-items-stretch elementor-section-content-middle elementor-section-height-default\" data-id=\"182729a\" data-element_type=\"section\" data-e-type=\"section\" data-settings=\"{&quot;background_background&quot;:&quot;classic&quot;}\">\n\t\t\t\t\t\t<div class=\"elementor-container elementor-column-gap-no\">\n\t\t\t\t\t<div class=\"elementor-column elementor-col-50 elementor-top-column elementor-element elementor-element-610c207\" data-id=\"610c207\" data-element_type=\"column\" data-e-type=\"column\" data-settings=\"{&quot;background_background&quot;:&quot;classic&quot;}\">\n\t\t\t<div class=\"elementor-widget-wrap elementor-element-populated\">\n\t\t\t\t\t\t<div class=\"elementor-element elementor-element-eaf01b2 elementor-widget elementor-widget-heading\" data-id=\"eaf01b2\" data-element_type=\"widget\" data-e-type=\"widget\" data-widget_type=\"heading.default\">\n\t\t\t\t\t<h2 class=\"elementor-heading-title elementor-size-default\"><p><b>\u00dccretsiz dan\u0131\u015fmanl\u0131k<\/b> kat\u0131l\u0131yorum<span style=\"background-color: var( --e-global-color-65e875c0 )\"><\/span><\/p><\/h2>\t\t\t\t<\/div>\n\t\t\t\t<div class=\"elementor-element elementor-element-f83c88e elementor-align-center elementor-widget elementor-widget-button\" data-id=\"f83c88e\" data-element_type=\"widget\" data-e-type=\"widget\" data-widget_type=\"button.default\">\n\t\t\t\t\t\t\t\t\t\t<a class=\"elementor-button elementor-button-link elementor-size-sm elementor-animation-hang\" href=\"https:\/\/tally.so\/r\/mZg9Do\" target=\"_blank\" rel=\"noopener\">\n\t\t\t\t\t\t<span class=\"elementor-button-content-wrapper\">\n\t\t\t\t\t\t\t\t\t<span class=\"elementor-button-text\">\u00dccretsiz dan\u0131\u015fmanl\u0131k g\u00f6r\u00fc\u015fmesine git \u27f6<\/span>\n\t\t\t\t\t<\/span>\n\t\t\t\t\t<\/a>\n\t\t\t\t\t\t\t\t<\/div>\n\t\t\t\t<div class=\"elementor-element elementor-element-d839b59 elementor-shape-rounded elementor-grid-0 e-grid-align-center elementor-widget elementor-widget-social-icons\" data-id=\"d839b59\" data-element_type=\"widget\" data-e-type=\"widget\" data-widget_type=\"social-icons.default\">\n\t\t\t\t\t\t\t<div class=\"elementor-social-icons-wrapper elementor-grid\">\n\t\t\t\t\t\t\t<span class=\"elementor-grid-item\">\n\t\t\t\t\t<a class=\"elementor-icon elementor-social-icon elementor-social-icon-instagram elementor-repeater-item-56ce1a6\" href=\"https:\/\/www.instagram.com\/kaipoweddings\/\" target=\"_blank\" rel=\"noopener\">\n\t\t\t\t\t\t<span class=\"elementor-screen-only\">Instagram<\/span>\n\t\t\t\t\t\t<svg aria-hidden=\"true\" class=\"e-font-icon-svg e-fab-instagram\" viewbox=\"0 0 448 512\" xmlns=\"http:\/\/www.w3.org\/2000\/svg\"><path d=\"M224.1 141c-63.6 0-114.9 51.3-114.9 114.9s51.3 114.9 114.9 114.9S339 319.5 339 255.9 287.7 141 224.1 141zm0 189.6c-41.1 0-74.7-33.5-74.7-74.7s33.5-74.7 74.7-74.7 74.7 33.5 74.7 74.7-33.6 74.7-74.7 74.7zm146.4-194.3c0 14.9-12 26.8-26.8 26.8-14.9 0-26.8-12-26.8-26.8s12-26.8 26.8-26.8 26.8 12 26.8 26.8zm76.1 27.2c-1.7-35.9-9.9-67.7-36.2-93.9-26.2-26.2-58-34.4-93.9-36.2-37-2.1-147.9-2.1-184.9 0-35.8 1.7-67.6 9.9-93.9 36.1s-34.4 58-36.2 93.9c-2.1 37-2.1 147.9 0 184.9 1.7 35.9 9.9 67.7 36.2 93.9s58 34.4 93.9 36.2c37 2.1 147.9 2.1 184.9 0 35.9-1.7 67.7-9.9 93.9-36.2 26.2-26.2 34.4-58 36.2-93.9 2.1-37 2.1-147.8 0-184.8zM398.8 388c-7.8 19.6-22.9 34.7-42.6 42.6-29.5 11.7-99.5 9-132.1 9s-102.7 2.6-132.1-9c-19.6-7.8-34.7-22.9-42.6-42.6-11.7-29.5-9-99.5-9-132.1s-2.6-102.7 9-132.1c7.8-19.6 22.9-34.7 42.6-42.6 29.5-11.7 99.5-9 132.1-9s102.7-2.6 132.1 9c19.6 7.8 34.7 22.9 42.6 42.6 11.7 29.5 9 99.5 9 132.1s2.7 102.7-9 132.1z\"><\/path><\/svg>\t\t\t\t\t<\/a>\n\t\t\t\t<\/span>\n\t\t\t\t\t<\/div>\n\t\t\t\t\t\t<\/div>\n\t\t\t\t\t<\/div>\n\t\t<\/div>\n\t\t\t\t<div class=\"elementor-column elementor-col-50 elementor-top-column elementor-element elementor-element-bbd4533 elementor-hidden-mobile\" data-id=\"bbd4533\" data-element_type=\"column\" data-e-type=\"column\" data-settings=\"{&quot;background_background&quot;:&quot;classic&quot;}\">\n\t\t\t<div class=\"elementor-widget-wrap elementor-element-populated\">\n\t\t\t\t\t\t<div class=\"elementor-element elementor-element-191a92f elementor-widget elementor-widget-spacer\" data-id=\"191a92f\" data-element_type=\"widget\" data-e-type=\"widget\" data-widget_type=\"spacer.default\">\n\t\t\t\t\t\t\t<div class=\"elementor-spacer\">\n\t\t\t<div class=\"elementor-spacer-inner\"><\/div>\n\t\t<\/div>\n\t\t\t\t\t\t<\/div>\n\t\t\t\t\t<\/div>\n\t\t<\/div>\n\t\t\t\t\t<\/div>\n\t\t<\/section>\n\t\t<div class=\"elementor-element elementor-element-1fc2495 e-flex e-con-boxed e-con e-parent\" data-id=\"1fc2495\" data-element_type=\"container\" data-e-type=\"container\">\n\t\t\t\t\t<div class=\"e-con-inner\">\n\t\t\t\t\t<\/div>\n\t\t\t\t<\/div>\n\t\t\t\t<\/div>","protected":false},"excerpt":{"rendered":"<p>Kostenloses Beratungsgespr\u00e4ch mit Kaipo Weddings vereinbaren Bitte beantworte alle Fragen, um dich f\u00fcr ein kostenloses und unverbindliches Beratungsgespr\u00e4ch einzutragen. Das dauert nur ca. 2 min. Kostenloses Beratungsgespr\u00e4ch Kontaktformular &amp; Erstgespr\u00e4ch Um ein kostenloses Beratungsgespr\u00e4ch mit uns zu vereinbaren, f\u00fcllt einfach das Kontaktformular aus \u2013 in nur drei Minuten seid ihr damit durch. Innerhalb von 48 [&hellip;]<\/p>\n","protected":false},"author":1,"featured_media":0,"parent":0,"menu_order":0,"comment_status":"closed","ping_status":"closed","template":"elementor_header_footer","meta":{"_uag_custom_page_level_css":"","footnotes":""},"class_list":["post-3968","page","type-page","status-publish","hentry"],"uagb_featured_image_src":{"full":false,"thumbnail":false,"medium":false,"medium_large":false,"large":false,"1536x1536":false,"2048x2048":false,"trp-custom-language-flag":false},"uagb_author_info":{"display_name":"kaipoweddings","author_link":"https:\/\/kaipoweddings.de\/tr\/author\/kaipoweddings\/"},"uagb_comment_info":0,"uagb_excerpt":"Kostenloses Beratungsgespr\u00e4ch mit Kaipo Weddings vereinbaren Bitte beantworte alle Fragen, um dich f\u00fcr ein kostenloses und unverbindliches Beratungsgespr\u00e4ch einzutragen. Das dauert nur ca. 2 min. Kostenloses Beratungsgespr\u00e4ch Kontaktformular &amp; Erstgespr\u00e4ch Um ein kostenloses Beratungsgespr\u00e4ch mit uns zu vereinbaren, f\u00fcllt einfach das Kontaktformular aus \u2013 in nur drei Minuten seid ihr damit durch. Innerhalb von 48&hellip;","_links":{"self":[{"href":"https:\/\/kaipoweddings.de\/tr\/wp-json\/wp\/v2\/pages\/3968","targetHints":{"allow":["GET"]}}],"collection":[{"href":"https:\/\/kaipoweddings.de\/tr\/wp-json\/wp\/v2\/pages"}],"about":[{"href":"https:\/\/kaipoweddings.de\/tr\/wp-json\/wp\/v2\/types\/page"}],"author":[{"embeddable":true,"href":"https:\/\/kaipoweddings.de\/tr\/wp-json\/wp\/v2\/users\/1"}],"replies":[{"embeddable":true,"href":"https:\/\/kaipoweddings.de\/tr\/wp-json\/wp\/v2\/comments?post=3968"}],"version-history":[{"count":10,"href":"https:\/\/kaipoweddings.de\/tr\/wp-json\/wp\/v2\/pages\/3968\/revisions"}],"predecessor-version":[{"id":4775,"href":"https:\/\/kaipoweddings.de\/tr\/wp-json\/wp\/v2\/pages\/3968\/revisions\/4775"}],"wp:attachment":[{"href":"https:\/\/kaipoweddings.de\/tr\/wp-json\/wp\/v2\/media?parent=3968"}],"curies":[{"name":"wp","href":"https:\/\/api.w.org\/{rel}","templated":true}]}}