{"id":4387,"date":"2025-10-12T15:47:58","date_gmt":"2025-10-12T13:47:58","guid":{"rendered":"https:\/\/kaipoweddings.de\/?page_id=4387"},"modified":"2025-10-20T17:43:58","modified_gmt":"2025-10-20T15:43:58","slug":"test-5","status":"publish","type":"page","link":"https:\/\/kaipoweddings.de\/tr\/test-5\/","title":{"rendered":"test 5"},"content":{"rendered":"<div data-elementor-type=\"wp-page\" data-elementor-id=\"4387\" class=\"elementor elementor-4387\" data-elementor-post-type=\"page\">\n\t\t\t\t<div class=\"elementor-element elementor-element-334fe3b2 e-con-full e-flex e-con e-parent\" data-id=\"334fe3b2\" data-element_type=\"container\" data-e-type=\"container\" data-settings=\"{&quot;background_background&quot;:&quot;classic&quot;}\">\n\t\t<div class=\"elementor-element elementor-element-6ef7f70 e-con-full e-flex e-con e-child\" data-id=\"6ef7f70\" data-element_type=\"container\" data-e-type=\"container\">\n\t\t\t\t<div class=\"elementor-element elementor-element-567f054 elementor-widget elementor-widget-heading\" data-id=\"567f054\" data-element_type=\"widget\" data-e-type=\"widget\" data-widget_type=\"heading.default\">\n\t\t\t\t\t<h1 class=\"elementor-heading-title elementor-size-default\">D\u00fc\u011f\u00fcn<\/h1>\t\t\t\t<\/div>\n\t\t\t\t<div class=\"elementor-element elementor-element-6c119d07 elementor-widget elementor-widget-heading\" data-id=\"6c119d07\" data-element_type=\"widget\" data-e-type=\"widget\" data-widget_type=\"heading.default\">\n\t\t\t\t\t<h4 class=\"elementor-heading-title elementor-size-default\">Selina &amp; Salim<\/h4>\t\t\t\t<\/div>\n\t\t<div class=\"elementor-element elementor-element-073d52d e-grid e-con-full e-con e-child\" data-id=\"073d52d\" data-element_type=\"container\" data-e-type=\"container\">\n\t\t\t\t<div class=\"elementor-element elementor-element-5169f54 elementor-widget elementor-widget-heading\" data-id=\"5169f54\" data-element_type=\"widget\" data-e-type=\"widget\" data-widget_type=\"heading.default\">\n\t\t\t\t\t<h2 class=\"elementor-heading-title elementor-size-default\">12-15<\/h2>\t\t\t\t<\/div>\n\t\t\t\t<div class=\"elementor-element elementor-element-1775aae elementor-widget elementor-widget-heading\" data-id=\"1775aae\" data-element_type=\"widget\" data-e-type=\"widget\" data-widget_type=\"heading.default\">\n\t\t\t\t\t<h2 class=\"elementor-heading-title elementor-size-default\">Haziran<\/h2>\t\t\t\t<\/div>\n\t\t\t\t<div class=\"elementor-element elementor-element-665ba9e elementor-widget elementor-widget-heading\" data-id=\"665ba9e\" data-element_type=\"widget\" data-e-type=\"widget\" data-widget_type=\"heading.default\">\n\t\t\t\t\t<h2 class=\"elementor-heading-title elementor-size-default\">2026<\/h2>\t\t\t\t<\/div>\n\t\t\t\t<\/div>\n\t\t\t\t<div class=\"elementor-element elementor-element-ced9898 elementor-widget elementor-widget-heading\" data-id=\"ced9898\" data-element_type=\"widget\" data-e-type=\"widget\" data-widget_type=\"heading.default\">\n\t\t\t\t\t<h1 class=\"elementor-heading-title elementor-size-default\">Bodrum, T\u00fcrkiye<\/h1>\t\t\t\t<\/div>\n\t\t\t\t<\/div>\n\t\t\t\t<\/div>\n\t\t<div class=\"elementor-element elementor-element-ef344a4 e-con-full e-flex e-con e-parent\" data-id=\"ef344a4\" data-element_type=\"container\" data-e-type=\"container\" data-settings=\"{&quot;background_background&quot;:&quot;classic&quot;}\">\n\t\t<div class=\"elementor-element elementor-element-28bab7eb e-con-full e-flex e-con e-child\" data-id=\"28bab7eb\" data-element_type=\"container\" data-e-type=\"container\">\n\t\t\t\t<div class=\"elementor-element elementor-element-42f6ad4f elementor-widget elementor-widget-heading\" data-id=\"42f6ad4f\" data-element_type=\"widget\" data-e-type=\"widget\" data-widget_type=\"heading.default\">\n\t\t\t\t\t<h1 class=\"elementor-heading-title elementor-size-default\">EVET D\u0130YORUZ!<\/h1>\t\t\t\t<\/div>\n\t\t\t\t<div class=\"elementor-element elementor-element-58479657 elementor-widget-divider--view-line elementor-widget elementor-widget-divider\" data-id=\"58479657\" data-element_type=\"widget\" data-e-type=\"widget\" data-widget_type=\"divider.default\">\n\t\t\t\t\t\t\t<div class=\"elementor-divider\">\n\t\t\t<span class=\"elementor-divider-separator\">\n\t\t\t\t\t\t<\/span>\n\t\t<\/div>\n\t\t\t\t\t\t<\/div>\n\t\t\t\t<div class=\"elementor-element elementor-element-3f4719ba elementor-widget elementor-widget-text-editor\" data-id=\"3f4719ba\" data-element_type=\"widget\" data-e-type=\"widget\" data-widget_type=\"text-editor.default\">\n\t\t\t\t\t\t\t\t\t<p style=\"text-align: center;\">Birbirimize evet dedi\u011fimiz o \u00f6zel g\u00fcn\u00fcm\u00fcz\u00fc sizinle payla\u015fmak i\u00e7in sab\u0131rs\u0131zlan\u0131yoruz! Varl\u0131\u011f\u0131n\u0131z bizim i\u00e7in \u00e7ok \u00f6nemli ve sizinle birlikte g\u00fclmeyi, a\u011flamay\u0131, dans etmeyi ve unutulmaz anlar yaratmay\u0131 d\u00f6rt g\u00f6zle bekliyoruz. Hayat\u0131 ve bizi bir araya getiren a\u015fk\u0131 kutlayal\u0131m. G\u00fcne\u015f g\u00f6zl\u00fcklerinizi ve k\u0131yafet kurallar\u0131na uygun \u015f\u0131k k\u0131yafetlerinizi al\u0131n, \u00e7\u00fcnk\u00fc bu sonsuza dek hat\u0131rlayaca\u011f\u0131m\u0131z bir g\u00fcn ve parti olacak!<br \/><br \/>Sevgilerimle.<\/p>\t\t\t\t\t\t\t\t<\/div>\n\t\t\t\t<div class=\"elementor-element elementor-element-1126c25 elementor-widget elementor-widget-heading\" data-id=\"1126c25\" data-element_type=\"widget\" data-e-type=\"widget\" data-widget_type=\"heading.default\">\n\t\t\t\t\t<h1 class=\"elementor-heading-title elementor-size-default\">Selina &amp; Salim<\/h1>\t\t\t\t<\/div>\n\t\t<div class=\"elementor-element elementor-element-7954148d e-con-full e-flex e-con e-child\" data-id=\"7954148d\" data-element_type=\"container\" data-e-type=\"container\">\n\t\t<div class=\"elementor-element elementor-element-25e6c019 e-con-full e-flex e-con e-child\" data-id=\"25e6c019\" data-element_type=\"container\" data-e-type=\"container\" data-settings=\"{&quot;background_background&quot;:&quot;classic&quot;}\">\n\t\t\t\t<\/div>\n\t\t<div class=\"elementor-element elementor-element-23972fbd e-con-full e-flex e-con e-child\" data-id=\"23972fbd\" data-element_type=\"container\" data-e-type=\"container\" data-settings=\"{&quot;background_background&quot;:&quot;classic&quot;}\">\n\t\t\t\t<\/div>\n\t\t<div class=\"elementor-element elementor-element-21c1ff2e e-con-full e-flex e-con e-child\" data-id=\"21c1ff2e\" data-element_type=\"container\" data-e-type=\"container\" data-settings=\"{&quot;background_background&quot;:&quot;classic&quot;}\">\n\t\t\t\t<\/div>\n\t\t\t\t<\/div>\n\t\t\t\t<\/div>\n\t\t\t\t<\/div>\n\t\t<div class=\"elementor-element elementor-element-6b00760 e-con-full e-flex e-con e-parent\" data-id=\"6b00760\" data-element_type=\"container\" data-e-type=\"container\" data-settings=\"{&quot;background_background&quot;:&quot;classic&quot;}\">\n\t\t<div class=\"elementor-element elementor-element-7adbb5f e-con-full e-flex e-con e-child\" data-id=\"7adbb5f\" data-element_type=\"container\" data-e-type=\"container\">\n\t\t\t\t<div class=\"elementor-element elementor-element-e1f5bfe elementor-widget elementor-widget-heading\" data-id=\"e1f5bfe\" data-element_type=\"widget\" data-e-type=\"widget\" data-widget_type=\"heading.default\">\n\t\t\t\t\t<h1 class=\"elementor-heading-title elementor-size-default\">D\u00fc\u011f\u00fcn\u00fcm\u00fcz\u00fcn gidi\u015fat\u0131<\/h1>\t\t\t\t<\/div>\n\t\t\t\t<div class=\"elementor-element elementor-element-45f56db elementor-widget-divider--view-line elementor-widget elementor-widget-divider\" data-id=\"45f56db\" data-element_type=\"widget\" data-e-type=\"widget\" data-widget_type=\"divider.default\">\n\t\t\t\t\t\t\t<div class=\"elementor-divider\">\n\t\t\t<span class=\"elementor-divider-separator\">\n\t\t\t\t\t\t<\/span>\n\t\t<\/div>\n\t\t\t\t\t\t<\/div>\n\t\t\t\t<div class=\"elementor-element elementor-element-52fc156 elementor-widget elementor-widget-html\" data-id=\"52fc156\" data-element_type=\"widget\" data-e-type=\"widget\" data-widget_type=\"html.default\">\n\t\t\t\t\t<!-- *** KAIPO \u2013 Scrollbare Timeline mit Progress-Linie *** -->\n<style>\n  .kaipo-timeline-wrapper{\n    position:relative;\n    max-width:720px;\n    margin:0 auto;\n    padding:40px 0 40px 40px;\n  }\n\n  \/* die vertikale Linie *\/\n  .kaipo-timeline-wrapper::before{\n    content:\"\";\n    position:absolute;\n    left:8px;\n    top:0;\n    width:2px;\n    height:100%;\n    background:#e0ded8; \/* Grundfarbe der Linie *\/\n    z-index:0;\n  }\n\n  \/* der animierte Fortschrittsbalken *\/\n  .kaipo-timeline-progress{\n    position:fixed;\n    left:8px;\n    top:0;\n    width:2px;\n    height:0;\n    background:#b6a98a; \/* Akzentfarbe (Kaipo-Beige) *\/\n    z-index:2;\n    transition:height 0.15s ease-out;\n  }\n\n  .kaipo-day{\n    position:relative;\n    padding:28px 0 28px 24px;\n    border-left:2px solid transparent; \/* Platzhalter *\/\n  }\n\n  .kaipo-day h3{\n    margin:0 0 14px;\n    font-size:1.05rem;\n    font-weight:600;\n    font-style:italic;\n    text-decoration:underline;\n    letter-spacing:.02em;\n    color:#1e1e1e;\n  }\n\n  .kaipo-events{\n    display:grid;\n    grid-template-columns:90px 1fr;\n    gap:10px 18px;\n    margin:0;\n    position:relative;\n    z-index:1;\n  }\n\n  .kaipo-events dt{\n    margin:0;\n    font-weight:700;\n    color:#000;\n  }\n\n  .kaipo-events dd{\n    margin:0;\n    line-height:1.55;\n    color:#444;\n  }\n\n  @media(max-width:480px){\n    .kaipo-events{grid-template-columns:78px 1fr}\n  }\n<\/style>\n\n<!-- Progress-Bar -->\n<div class=\"kaipo-timeline-progress\" id=\"kaipoProgress\"><\/div>\n\n<!-- Timeline -->\n<div class=\"kaipo-timeline-wrapper\" id=\"kaipoTimeline\">\n\n  <section class=\"kaipo-day\">\n    <h3><em>12 Haziran 2026<\/em><\/h3>\n    <dl class=\"kaipo-events\">\n      <dt>14:00<\/dt><dd>Check-in<\/dd>\n      <dt>19:00<\/dt><dd>Get Together (Birdcage33)<\/dd>\n    <\/dl>\n  <\/section>\n\n  <section class=\"kaipo-day\">\n    <h3><em>13 Haziran 2026<\/em><\/h3>\n    <dl class=\"kaipo-events\">\n      <dt>16:30<\/dt><dd>D\u00fc\u011f\u00fcn T\u00f6reni<\/dd>\n      <dt>17:30<\/dt><dd>Aperatif<\/dd>\n      <dt>19:00<\/dt><dd>Ak\u015fam Yeme\u011fi<\/dd>\n      <dt>22:00<\/dt><dd>Parti Sonras\u0131<\/dd>\n      <dt>03:00<\/dt><dd>Biti\u015f<\/dd>\n    <\/dl>\n  <\/section>\n\n  <section class=\"kaipo-day\">\n    <h3><em>14 Haziran 2026<\/em><\/h3>\n    <dl class=\"kaipo-events\">\n      <dt>13:00<\/dt><dd>Brunch ile havuz partisi<\/dd>\n    <\/dl>\n  <\/section>\n\n  <section class=\"kaipo-day\">\n    <h3><em>15 Haziran 2026<\/em><\/h3>\n    <dl class=\"kaipo-events\">\n      <dt>11:00<\/dt><dd>\u00c7\u0131k\u0131\u015f<\/dd>\n    <\/dl>\n  <\/section>\n\n<\/div>\n\n<script>\n  \/\/ Dynamische Fortschrittslinie beim Scrollen\n  const progress = document.getElementById('kaipoProgress');\n  const timeline = document.getElementById('kaipoTimeline');\n\n  function updateTimelineProgress(){\n    const rect = timeline.getBoundingClientRect();\n    const viewportHeight = window.innerHeight;\n    const scrollable = rect.height - viewportHeight;\n    let progressHeight = 0;\n\n    if(rect.top < 0){\n      progressHeight = Math.min(rect.height, Math.abs(rect.top));\n    }\n\n    progress.style.height = `${progressHeight}px`;\n  }\n\n  window.addEventListener('scroll', updateTimelineProgress);\n  window.addEventListener('resize', updateTimelineProgress);\n<\/script>\t\t\t\t<\/div>\n\t\t\t\t<\/div>\n\t\t\t\t<\/div>\n\t\t<div class=\"elementor-element elementor-element-7e97f706 e-con-full e-flex e-con e-parent\" data-id=\"7e97f706\" data-element_type=\"container\" data-e-type=\"container\" data-settings=\"{&quot;background_background&quot;:&quot;classic&quot;}\">\n\t\t<div class=\"elementor-element elementor-element-25add3c5 e-con-full e-flex e-con e-child\" data-id=\"25add3c5\" data-element_type=\"container\" data-e-type=\"container\" data-settings=\"{&quot;background_background&quot;:&quot;classic&quot;}\">\n\t\t\t\t<\/div>\n\t\t<div class=\"elementor-element elementor-element-247bb9d1 e-con-full e-flex e-con e-child\" data-id=\"247bb9d1\" data-element_type=\"container\" data-e-type=\"container\">\n\t\t\t\t<div class=\"elementor-element elementor-element-a4d5761 elementor-widget elementor-widget-heading\" data-id=\"a4d5761\" data-element_type=\"widget\" data-e-type=\"widget\" data-widget_type=\"heading.default\">\n\t\t\t\t\t<h2 class=\"elementor-heading-title elementor-size-default\">G\u00f6r\u00fcnt\u00fc s\u0131n\u0131rlamas\u0131 olan metin<\/h2>\t\t\t\t<\/div>\n\t\t\t\t<div class=\"elementor-element elementor-element-7142897d elementor-widget elementor-widget-text-editor\" data-id=\"7142897d\" data-element_type=\"widget\" data-e-type=\"widget\" data-widget_type=\"text-editor.default\">\n\t\t\t\t\t\t\t\t\t<p>Lorem ipsum dolor sit amet, consetetur sadipscing elitr, sed diam nonumy eirmod tempor invidunt ut labore et dolore magna aliquyam erat. Lorem ipsum dolor sit amet, consetetur sadipscing elitr, sed diam nonumy eirmod tempor invidunt ut labore et dolore magna aliquyam erat.<\/p><p>At vero eos et accusam et justo duo dolores et ea rebum. Stet clita kasd gubergren, no sea takimata sanctus est Lorem ipsum dolor sit amet. <b>Lorem ipsum dolor sit amet, consetur sadipscing elitr, sed diam nonumy eirmod tempor invidunt ut labore et dolore magna aliquyam erat.<\/b><\/p>\t\t\t\t\t\t\t\t<\/div>\n\t\t\t\t<div class=\"elementor-element elementor-element-1415c4cf elementor-widget elementor-widget-button\" data-id=\"1415c4cf\" data-element_type=\"widget\" data-e-type=\"widget\" data-widget_type=\"button.default\">\n\t\t\t\t\t\t\t\t\t\t<a class=\"elementor-button elementor-button-link elementor-size-sm\" href=\"https:\/\/kaipoweddings.de\/tr\/?p=118\">\n\t\t\t\t\t\t<span class=\"elementor-button-content-wrapper\">\n\t\t\t\t\t\t\t\t\t<span class=\"elementor-button-text\">\u0130lham verenlere<\/span>\n\t\t\t\t\t<\/span>\n\t\t\t\t\t<\/a>\n\t\t\t\t\t\t\t\t<\/div>\n\t\t\t\t<\/div>\n\t\t<div class=\"elementor-element elementor-element-2c860c35 e-con-full e-flex e-con e-child\" data-id=\"2c860c35\" data-element_type=\"container\" data-e-type=\"container\" data-settings=\"{&quot;background_background&quot;:&quot;classic&quot;}\">\n\t\t\t\t<\/div>\n\t\t\t\t<\/div>\n\t\t<div class=\"elementor-element elementor-element-38c7d7af e-con-full e-flex e-con e-parent\" data-id=\"38c7d7af\" data-element_type=\"container\" data-e-type=\"container\" data-settings=\"{&quot;background_background&quot;:&quot;classic&quot;}\">\n\t\t<div class=\"elementor-element elementor-element-4e1e9ec4 e-con-full e-flex e-con e-child\" data-id=\"4e1e9ec4\" data-element_type=\"container\" data-e-type=\"container\" data-settings=\"{&quot;background_background&quot;:&quot;classic&quot;}\">\n\t\t\t\t<div class=\"elementor-element elementor-element-276f213f elementor-widget elementor-widget-heading\" data-id=\"276f213f\" data-element_type=\"widget\" data-e-type=\"widget\" data-widget_type=\"heading.default\">\n\t\t\t\t\t<h2 class=\"elementor-heading-title elementor-size-default\">Arka plan resimli kutu<\/h2>\t\t\t\t<\/div>\n\t\t\t\t<div class=\"elementor-element elementor-element-308f1ef4 elementor-widget elementor-widget-text-editor\" data-id=\"308f1ef4\" data-element_type=\"widget\" data-e-type=\"widget\" data-widget_type=\"text-editor.default\">\n\t\t\t\t\t\t\t\t\t<p>Empor invidunt ut labore et dolore magna aliquyam erat, sed diam voluptua. At vero eos et accusam et justo duo dolores et ea rebum. Stet clita kasd gubergren, no sea takimata sanctus est Lorem ipsum dolor sit amet.<br \/>Lorem ipsum dolor sit amet, consetur sadipscing elitr, sed diam nonumy eirmod tempor invidunt ut labore et dolore magna aliquyam erat, sed diam voluptua. At vero eos et accusam et justo duo dolores et ea rebum. Stet clita kasd gubergren, no sea takimata sanctus est Lorem ipsum dolor sit amet.<\/p>\t\t\t\t\t\t\t\t<\/div>\n\t\t\t\t<\/div>\n\t\t\t\t<\/div>\n\t\t<div class=\"elementor-element elementor-element-513bfeea e-con-full e-flex e-con e-parent\" data-id=\"513bfeea\" data-element_type=\"container\" data-e-type=\"container\">\n\t\t<div class=\"elementor-element elementor-element-4e04e7c9 e-con-full e-flex e-con e-child\" data-id=\"4e04e7c9\" data-element_type=\"container\" data-e-type=\"container\">\n\t\t\t\t<div class=\"elementor-element elementor-element-161c907a elementor-widget elementor-widget-image\" data-id=\"161c907a\" data-element_type=\"widget\" data-e-type=\"widget\" data-widget_type=\"image.default\">\n\t\t\t\t\t\t\t\t\t\t\t\t\t\t\t<img fetchpriority=\"high\" decoding=\"async\" width=\"473\" height=\"888\" src=\"https:\/\/kaipoweddings.de\/wp-content\/uploads\/2025\/10\/backround6.jpg\" class=\"attachment-large size-large wp-image-4331\" alt=\"\" srcset=\"https:\/\/kaipoweddings.de\/wp-content\/uploads\/2025\/10\/backround6.jpg 473w, https:\/\/kaipoweddings.de\/wp-content\/uploads\/2025\/10\/backround6-160x300.jpg 160w, https:\/\/kaipoweddings.de\/wp-content\/uploads\/2025\/10\/backround6-6x12.jpg 6w\" sizes=\"(max-width: 473px) 100vw, 473px\" \/>\t\t\t\t\t\t\t\t\t\t\t\t\t\t\t<\/div>\n\t\t\t\t<\/div>\n\t\t<div class=\"elementor-element elementor-element-9c6ba41 e-con-full e-flex e-con e-child\" data-id=\"9c6ba41\" data-element_type=\"container\" data-e-type=\"container\">\n\t\t\t\t<div class=\"elementor-element elementor-element-2a0b5c87 elementor-widget elementor-widget-heading\" data-id=\"2a0b5c87\" data-element_type=\"widget\" data-e-type=\"widget\" data-widget_type=\"heading.default\">\n\t\t\t\t\t<h2 class=\"elementor-heading-title elementor-size-default\">Madde i\u015faretli 50\/50 s\u00fctun<\/h2>\t\t\t\t<\/div>\n\t\t\t\t<div class=\"elementor-element elementor-element-6cc65abe elementor-icon-list--layout-traditional elementor-list-item-link-full_width elementor-widget elementor-widget-icon-list\" data-id=\"6cc65abe\" data-element_type=\"widget\" data-e-type=\"widget\" data-widget_type=\"icon-list.default\">\n\t\t\t\t\t\t\t<ul class=\"elementor-icon-list-items\">\n\t\t\t\t\t\t\t<li class=\"elementor-icon-list-item\">\n\t\t\t\t\t\t\t\t\t\t\t<span class=\"elementor-icon-list-icon\">\n\t\t\t\t\t\t\t<svg aria-hidden=\"true\" class=\"e-font-icon-svg e-fas-check\" viewbox=\"0 0 512 512\" xmlns=\"http:\/\/www.w3.org\/2000\/svg\"><path d=\"M173.898 439.404l-166.4-166.4c-9.997-9.997-9.997-26.206 0-36.204l36.203-36.204c9.997-9.998 26.207-9.998 36.204 0L192 312.69 432.095 72.596c9.997-9.997 26.207-9.997 36.204 0l36.203 36.204c9.997 9.997 9.997 26.206 0 36.204l-294.4 294.401c-9.998 9.997-26.207 9.997-36.204-.001z\"><\/path><\/svg>\t\t\t\t\t\t<\/span>\n\t\t\t\t\t\t\t\t\t\t<span class=\"elementor-icon-list-text\"><b>Bulletpoin xxx<\/b><br> Lorem ipsum dolor sit amet, consetur sadipscing elitr, sed diam nonumy eirmod tempor invidunt ut labore et dolore magna aliquyam erat, sed diam voluptua.<\/span>\n\t\t\t\t\t\t\t\t\t<\/li>\n\t\t\t\t\t\t\t\t<li class=\"elementor-icon-list-item\">\n\t\t\t\t\t\t\t\t\t\t\t<span class=\"elementor-icon-list-icon\">\n\t\t\t\t\t\t\t<svg aria-hidden=\"true\" class=\"e-font-icon-svg e-fas-check\" viewbox=\"0 0 512 512\" xmlns=\"http:\/\/www.w3.org\/2000\/svg\"><path d=\"M173.898 439.404l-166.4-166.4c-9.997-9.997-9.997-26.206 0-36.204l36.203-36.204c9.997-9.998 26.207-9.998 36.204 0L192 312.69 432.095 72.596c9.997-9.997 26.207-9.997 36.204 0l36.203 36.204c9.997 9.997 9.997 26.206 0 36.204l-294.4 294.401c-9.998 9.997-26.207 9.997-36.204-.001z\"><\/path><\/svg>\t\t\t\t\t\t<\/span>\n\t\t\t\t\t\t\t\t\t\t<span class=\"elementor-icon-list-text\"><b>Bulletpoin xxx<\/b><br> Lorem ipsum dolor sit amet, consetur sadipscing elitr, sed diam nonumy eirmod tempor invidunt ut labore et dolore magna aliquyam erat, sed diam voluptua.<\/span>\n\t\t\t\t\t\t\t\t\t<\/li>\n\t\t\t\t\t\t\t\t<li class=\"elementor-icon-list-item\">\n\t\t\t\t\t\t\t\t\t\t\t<span class=\"elementor-icon-list-icon\">\n\t\t\t\t\t\t\t<svg aria-hidden=\"true\" class=\"e-font-icon-svg e-fas-check\" viewbox=\"0 0 512 512\" xmlns=\"http:\/\/www.w3.org\/2000\/svg\"><path d=\"M173.898 439.404l-166.4-166.4c-9.997-9.997-9.997-26.206 0-36.204l36.203-36.204c9.997-9.998 26.207-9.998 36.204 0L192 312.69 432.095 72.596c9.997-9.997 26.207-9.997 36.204 0l36.203 36.204c9.997 9.997 9.997 26.206 0 36.204l-294.4 294.401c-9.998 9.997-26.207 9.997-36.204-.001z\"><\/path><\/svg>\t\t\t\t\t\t<\/span>\n\t\t\t\t\t\t\t\t\t\t<span class=\"elementor-icon-list-text\"><b>Bulletpoin xxx<\/b><br> Lorem ipsum dolor sit amet, consetur sadipscing elitr, sed diam nonumy eirmod tempor invidunt ut labore et dolore magna aliquyam erat, sed diam voluptua.<\/span>\n\t\t\t\t\t\t\t\t\t<\/li>\n\t\t\t\t\t\t<\/ul>\n\t\t\t\t\t\t<\/div>\n\t\t\t\t<\/div>\n\t\t\t\t<\/div>\n\t\t<div class=\"elementor-element elementor-element-74c4c877 e-con-full e-flex e-con e-parent\" data-id=\"74c4c877\" data-element_type=\"container\" data-e-type=\"container\" data-settings=\"{&quot;background_background&quot;:&quot;classic&quot;}\">\n\t\t<div class=\"elementor-element elementor-element-548f117f e-con-full e-flex e-con e-child\" data-id=\"548f117f\" data-element_type=\"container\" data-e-type=\"container\" data-settings=\"{&quot;background_background&quot;:&quot;classic&quot;}\">\n\t\t\t\t<div class=\"elementor-element elementor-element-2505dd66 elementor-widget elementor-widget-heading\" data-id=\"2505dd66\" data-element_type=\"widget\" data-e-type=\"widget\" data-widget_type=\"heading.default\">\n\t\t\t\t\t<h2 class=\"elementor-heading-title elementor-size-default\">Arka plan resimli kutu<\/h2>\t\t\t\t<\/div>\n\t\t\t\t<div class=\"elementor-element elementor-element-78f67979 elementor-widget elementor-widget-text-editor\" data-id=\"78f67979\" data-element_type=\"widget\" data-e-type=\"widget\" data-widget_type=\"text-editor.default\">\n\t\t\t\t\t\t\t\t\t<p>Empor invidunt ut labore et dolore magna aliquyam erat, sed diam voluptua. At vero eos et accusam et justo duo dolores et ea rebum. Stet clita kasd gubergren, no sea takimata sanctus est Lorem ipsum dolor sit amet.<br \/>Lorem ipsum dolor sit amet, consetur sadipscing elitr, sed diam nonumy eirmod tempor invidunt ut labore et dolore magna aliquyam erat, sed diam voluptua. At vero eos et accusam et justo duo dolores et ea rebum. Stet clita kasd gubergren, no sea takimata sanctus est Lorem ipsum dolor sit amet.<\/p>\t\t\t\t\t\t\t\t<\/div>\n\t\t\t\t<\/div>\n\t\t\t\t<\/div>\n\t\t<div class=\"elementor-element elementor-element-3d3cd51a e-con-full e-flex e-con e-parent\" data-id=\"3d3cd51a\" data-element_type=\"container\" data-e-type=\"container\">\n\t\t<div class=\"elementor-element elementor-element-58b55ec0 e-con-full e-flex e-con e-child\" data-id=\"58b55ec0\" data-element_type=\"container\" data-e-type=\"container\">\n\t\t\t\t<div class=\"elementor-element elementor-element-53816e2 elementor-widget-mobile__width-initial elementor-widget elementor-widget-image\" data-id=\"53816e2\" data-element_type=\"widget\" data-e-type=\"widget\" data-widget_type=\"image.default\">\n\t\t\t\t\t\t\t\t\t\t\t\t\t\t\t<img decoding=\"async\" width=\"736\" height=\"901\" src=\"https:\/\/kaipoweddings.de\/wp-content\/uploads\/2025\/10\/backround1.jpg\" class=\"attachment-full size-full wp-image-4340\" alt=\"\" srcset=\"https:\/\/kaipoweddings.de\/wp-content\/uploads\/2025\/10\/backround1.jpg 736w, https:\/\/kaipoweddings.de\/wp-content\/uploads\/2025\/10\/backround1-245x300.jpg 245w, https:\/\/kaipoweddings.de\/wp-content\/uploads\/2025\/10\/backround1-10x12.jpg 10w\" sizes=\"(max-width: 736px) 100vw, 736px\" \/>\t\t\t\t\t\t\t\t\t\t\t\t\t\t\t<\/div>\n\t\t\t\t<\/div>\n\t\t<div class=\"elementor-element elementor-element-433d69f6 e-con-full e-flex e-con e-child\" data-id=\"433d69f6\" data-element_type=\"container\" data-e-type=\"container\">\n\t\t\t\t<div class=\"elementor-element elementor-element-72ecd666 elementor-widget elementor-widget-heading\" data-id=\"72ecd666\" data-element_type=\"widget\" data-e-type=\"widget\" data-widget_type=\"heading.default\">\n\t\t\t\t\t<h2 class=\"elementor-heading-title elementor-size-default\">50\/50 s\u00fctunlar<\/h2>\t\t\t\t<\/div>\n\t\t\t\t<div class=\"elementor-element elementor-element-4cac0223 elementor-widget elementor-widget-text-editor\" data-id=\"4cac0223\" data-element_type=\"widget\" data-e-type=\"widget\" data-widget_type=\"text-editor.default\">\n\t\t\t\t\t\t\t\t\t<p>Lorem ipsum dolor sit amet, consetur sadipscing elitr, sed diam nonumy eirmod tempor invidunt ut labore et dolore magna aliquyam erat, sed diam voluptua.<\/p><p>At vero eos et accusam et justo duo dolores et ea rebum. Stet clita kasd gubergren, no sea takimata sanctus est Lorem ipsum dolor sit amet. <b>Lorem ipsum dolor sit amet, consetur sadipscing elitr, sed diam nonumy eirmod tempor invidunt ut labore et dolore magna aliquyam erat.<\/b><\/p><p>sed diam voluptua. At vero eos et accusam et justo duo dolores et ea rebum. Stet clita kasd gubergren, no sea takimata sanctus est Lorem ipsum dolor sit amet.<\/p>\t\t\t\t\t\t\t\t<\/div>\n\t\t\t\t<\/div>\n\t\t\t\t<\/div>\n\t\t\t\t<\/div>","protected":false},"excerpt":{"rendered":"<p>Wedding of Selina &amp; Salim 12-15 Juni 2026 Bodrum, Turkiye WIR SAGEN JA! Wir k\u00f6nnen es kaum erwarten, unseren besonderen Tag mit dir zu teilen &#8211; den Tag an dem wir uns das Jawort geben! Deine Anwesenheit bedeutet uns unendlich viel und wir freuen uns darauf, mit dir zu lachen, zu weinen, zu tanzen und [&hellip;]<\/p>\n","protected":false},"author":1,"featured_media":0,"parent":0,"menu_order":0,"comment_status":"closed","ping_status":"closed","template":"elementor_header_footer","meta":{"_uag_custom_page_level_css":"","footnotes":""},"class_list":["post-4387","page","type-page","status-publish","hentry"],"uagb_featured_image_src":{"full":false,"thumbnail":false,"medium":false,"medium_large":false,"large":false,"1536x1536":false,"2048x2048":false,"trp-custom-language-flag":false},"uagb_author_info":{"display_name":"kaipoweddings","author_link":"https:\/\/kaipoweddings.de\/tr\/author\/kaipoweddings\/"},"uagb_comment_info":0,"uagb_excerpt":"Wedding of Selina &amp; Salim 12-15 Juni 2026 Bodrum, Turkiye WIR SAGEN JA! Wir k\u00f6nnen es kaum erwarten, unseren besonderen Tag mit dir zu teilen &#8211; den Tag an dem wir uns das Jawort geben! Deine Anwesenheit bedeutet uns unendlich viel und wir freuen uns darauf, mit dir zu lachen, zu weinen, zu tanzen und&hellip;","_links":{"self":[{"href":"https:\/\/kaipoweddings.de\/tr\/wp-json\/wp\/v2\/pages\/4387","targetHints":{"allow":["GET"]}}],"collection":[{"href":"https:\/\/kaipoweddings.de\/tr\/wp-json\/wp\/v2\/pages"}],"about":[{"href":"https:\/\/kaipoweddings.de\/tr\/wp-json\/wp\/v2\/types\/page"}],"author":[{"embeddable":true,"href":"https:\/\/kaipoweddings.de\/tr\/wp-json\/wp\/v2\/users\/1"}],"replies":[{"embeddable":true,"href":"https:\/\/kaipoweddings.de\/tr\/wp-json\/wp\/v2\/comments?post=4387"}],"version-history":[{"count":10,"href":"https:\/\/kaipoweddings.de\/tr\/wp-json\/wp\/v2\/pages\/4387\/revisions"}],"predecessor-version":[{"id":4434,"href":"https:\/\/kaipoweddings.de\/tr\/wp-json\/wp\/v2\/pages\/4387\/revisions\/4434"}],"wp:attachment":[{"href":"https:\/\/kaipoweddings.de\/tr\/wp-json\/wp\/v2\/media?parent=4387"}],"curies":[{"name":"wp","href":"https:\/\/api.w.org\/{rel}","templated":true}]}}