{"id":592,"date":"2024-06-05T21:32:42","date_gmt":"2024-06-05T19:32:42","guid":{"rendered":"https:\/\/kaipoweddings.de\/?page_id=592"},"modified":"2024-06-10T01:31:34","modified_gmt":"2024-06-09T23:31:34","slug":"destinationweddinggg","status":"publish","type":"page","link":"https:\/\/kaipoweddings.de\/tr\/destinationweddinggg\/","title":{"rendered":"Destinasyon D\u00fc\u011f\u00fcn\u00fc"},"content":{"rendered":"<style>\/*! elementor - v3.20.0 - 26-03-2024 *\/\n.elementor-heading-title{padding:0;margin:0;line-height:1}.elementor-widget-heading .elementor-heading-title[class*=elementor-size-]>a{color:inherit;font-size:inherit;line-height:inherit}.elementor-widget-heading .elementor-heading-title.elementor-size-small{font-size:15px}.elementor-widget-heading .elementor-heading-title.elementor-size-medium{font-size:19px}.elementor-widget-heading .elementor-heading-title.elementor-size-large{font-size:29px}.elementor-widget-heading .elementor-heading-title.elementor-size-xl{font-size:39px}.elementor-widget-heading .elementor-heading-title.elementor-size-xxl{font-size:59px}<\/style>\n<h2>KOMPLETTPLANUNG<\/h2>\n<h2>Komplettplanung<\/h2>\n<p>Das Welness-Paket f\u00fcr eure Hochzeit<\/p>\n<style>\/*! elementor - v3.20.0 - 26-03-2024 *\/\n.elementor-widget-divider{--divider-border-style:none;--divider-border-width:1px;--divider-color:#0c0d0e;--divider-icon-size:20px;--divider-element-spacing:10px;--divider-pattern-height:24px;--divider-pattern-size:20px;--divider-pattern-url:none;--divider-pattern-repeat:repeat-x}.elementor-widget-divider .elementor-divider{display:flex}.elementor-widget-divider .elementor-divider__text{font-size:15px;line-height:1;max-width:95%}.elementor-widget-divider .elementor-divider__element{margin:0 var(--divider-element-spacing);flex-shrink:0}.elementor-widget-divider .elementor-icon{font-size:var(--divider-icon-size)}.elementor-widget-divider .elementor-divider-separator{display:flex;margin:0;direction:ltr}.elementor-widget-divider--view-line_icon .elementor-divider-separator,.elementor-widget-divider--view-line_text .elementor-divider-separator{align-items:center}.elementor-widget-divider--view-line_icon .elementor-divider-separator:after,.elementor-widget-divider--view-line_icon .elementor-divider-separator:before,.elementor-widget-divider--view-line_text .elementor-divider-separator:after,.elementor-widget-divider--view-line_text .elementor-divider-separator:before{display:block;content:\"\";border-block-end:0;flex-grow:1;border-block-start:var(--divider-border-width) var(--divider-border-style) var(--divider-color)}.elementor-widget-divider--element-align-left .elementor-divider .elementor-divider-separator>.elementor-divider__svg:first-of-type{flex-grow:0;flex-shrink:100}.elementor-widget-divider--element-align-left .elementor-divider-separator:before{content:none}.elementor-widget-divider--element-align-left .elementor-divider__element{margin-left:0}.elementor-widget-divider--element-align-right .elementor-divider .elementor-divider-separator>.elementor-divider__svg:last-of-type{flex-grow:0;flex-shrink:100}.elementor-widget-divider--element-align-right .elementor-divider-separator:after{content:none}.elementor-widget-divider--element-align-right .elementor-divider__element{margin-right:0}.elementor-widget-divider--element-align-start .elementor-divider .elementor-divider-separator>.elementor-divider__svg:first-of-type{flex-grow:0;flex-shrink:100}.elementor-widget-divider--element-align-start .elementor-divider-separator:before{content:none}.elementor-widget-divider--element-align-start .elementor-divider__element{margin-inline-start:0}.elementor-widget-divider--element-align-end .elementor-divider .elementor-divider-separator>.elementor-divider__svg:last-of-type{flex-grow:0;flex-shrink:100}.elementor-widget-divider--element-align-end .elementor-divider-separator:after{content:none}.elementor-widget-divider--element-align-end .elementor-divider__element{margin-inline-end:0}.elementor-widget-divider:not(.elementor-widget-divider--view-line_text):not(.elementor-widget-divider--view-line_icon) .elementor-divider-separator{border-block-start:var(--divider-border-width) var(--divider-border-style) var(--divider-color)}.elementor-widget-divider--separator-type-pattern{--divider-border-style:none}.elementor-widget-divider--separator-type-pattern.elementor-widget-divider--view-line .elementor-divider-separator,.elementor-widget-divider--separator-type-pattern:not(.elementor-widget-divider--view-line) .elementor-divider-separator:after,.elementor-widget-divider--separator-type-pattern:not(.elementor-widget-divider--view-line) .elementor-divider-separator:before,.elementor-widget-divider--separator-type-pattern:not([class*=elementor-widget-divider--view]) .elementor-divider-separator{width:100%;min-height:var(--divider-pattern-height);-webkit-mask-size:var(--divider-pattern-size) 100%;mask-size:var(--divider-pattern-size) 100%;-webkit-mask-repeat:var(--divider-pattern-repeat);mask-repeat:var(--divider-pattern-repeat);background-color:var(--divider-color);-webkit-mask-image:var(--divider-pattern-url);mask-image:var(--divider-pattern-url)}.elementor-widget-divider--no-spacing{--divider-pattern-size:auto}.elementor-widget-divider--bg-round{--divider-pattern-repeat:round}.rtl .elementor-widget-divider .elementor-divider__text{direction:rtl}.e-con-inner>.elementor-widget-divider,.e-con>.elementor-widget-divider{width:var(--container-widget-width,100%);--flex-grow:var(--container-widget-flex-grow)}<\/style>\n<p>Die Komplettplanung ist das absolute Welness-Paket f\u00fcr eure luxuri\u00f6se, einzigartige und absolut f\u00fcr euch als Brautpaar ma\u00dfgeschneiderte Hochzeit. Gemeinsam kreieren wir euren gro\u00dfen Tag &#8211; und betten all eure Vorstellungen und W\u00fcnsche in ein ganz auf euch zugeschnittenes Wedding Concept.\u00a0<\/p>\n<p>Beginnend mit einem Budgetplan werden wir alle Planungsschritte gemeinsam bestreiten und widmen uns unter anderem dem Zeitplan, der Papeterie, der Auswahl aller Dienstleister:innen, der Location und dem Design.\u00a0<\/p>\n<p>Wir stehen euch w\u00e4hrend der gesamten Planungszeit zur Seite und \u00fcbernehmen neben den kreativen Aufgaben alle administrativen und organisatorischen To-Do\u00b4s, damit ihr die Planung in vollen Z\u00fcgen genie\u00dfen k\u00f6nnt.<\/p>\n<p>Ihr k\u00f6nnt auf euch unsere Erfahrung und Expertise verlassen und euch ganz und gar fallen lassen &#8211; gemeinsam kreieren wir eure ganz pers\u00f6niche Traumhochzeit!<\/p>\n<p>\t\t\t<a role=\"button\"><br \/>\n\t\t\t\t\t\t\u2192 Kostenloses Berarungsgespr\u00e4ch vereinbaren<br \/>\n\t\t\t\t\t<\/a><\/p>\n<p>Betreuung w\u00e4hrend der Planung<\/p>\n<p>Ihr k\u00f6nnt euch voll und ganz auf die sch\u00f6nen Themen der Planung konzentrieren und auf unsere Expertise und Know-How vertrauen &#8211; wir \u00fcbernehmen alle administrativen und organisatorischen Aufgaben!&nbsp;<\/p>\n<p>Uns ist Transparenz besonders wichtig, ihr k\u00f6nnt jeden Planungsschritt mitverfolgen und erhaltet jederzeit automatisiert Einblicke in die aktuelle Planung &#8211; eure Vorstellungen und W\u00fcnsche bestimmen unseren gemeinsamen Weg zu eurer einzigartigen Hochzeit!<\/p>\n<p><\/p>\n<p>Locationscouting<\/p>\n<p>Suche nach einer Location, die voll und ganz zu euren Vorstellungen passt und den Grundbaustein liefert, die ihr f\u00fcr die Umsetzung eures Wedding Conceptes braucht. Nach einem ausf\u00fchrlichen Scouting stellen wir euch alle Locations vergleichend in einer Pr\u00e4sentation dar und besichtigen eure Favoriten gemeinsam!&nbsp;<\/p>\n<p><\/p>\n<p>Budgetplan<\/p>\n<p>Erstellung eines Budgetplans und Verwaltung und Aktualisierung w\u00e4hrend der gesamten Planungszeit &#8211; wir haben euer Budget im Blick!&nbsp; &nbsp;<\/p>\n<p>Team Akquise<\/p>\n<p>Erstellung eines Teams f\u00fcr eure Hochzeit durch die Aquise von Dienstleistern, die zum Wedding Concept passen. Wir vermitteln euch f\u00fcr jedes Gewerk Dienstleister und ihr entscheidet wer am besten zu euch passt. Wir \u00fcbernehmen die Angebotseinholung, die Vertragspflege und die Kommunikation mit allen Dienstleistern&nbsp; w\u00e4hrend der gesamten Planungszeit.&nbsp; &nbsp; &nbsp; &nbsp; &nbsp; &nbsp; &nbsp; &nbsp; &nbsp; &nbsp; &nbsp; &nbsp; &nbsp; &nbsp; &nbsp; &nbsp; &nbsp; &nbsp; &nbsp; &nbsp; &nbsp; &nbsp; &nbsp; &nbsp; &nbsp; &nbsp; &nbsp; &nbsp; &nbsp; &nbsp; &nbsp; &nbsp;<\/p>\n<p><\/p>\n<p><\/p>\n<p>Wedding Design Concept<\/p>\n<p>Erstellung eines individuellen und \u00e4sthetischen Wedding Conceptes nach euren Vorstellungen und W\u00fcnschen. Das ist die Basis die anschlie\u00dfende Dienstleistersuche &#8211; f\u00fcr eine Hochzeit mit eine atemberaubenden Atmosph\u00e4re &#8211; einheitlich bis ins kleinste Detail!\u00a0 \u00a0 \u00a0 \u00a0 \u00a0 \u00a0 \u00a0 \u00a0 \u00a0 \u00a0 \u00a0 \u00a0 \u00a0 \u00a0 \u00a0 \u00a0 \u00a0 \u00a0 \u00a0 \u00a0 \u00a0 \u00a0 \u00a0 \u00a0 \u00a0 \u00a0 \u00a0 \u00a0 \u00a0 \u00a0 \u00a0 \u00a0 \u00a0 \u00a0 \u00a0 \u00a0 \u00a0 \u00a0 \u00a0 \u00a0 \u00a0 \u00a0 \u00a0 \u00a0 \u00a0 \u00a0 \u00a0 \u00a0 \u00a0\u00a0\u00a0 \u00a0 \u00a0 \u00a0 \u00a0 \u00a0 \u00a0 \u00a0 \u00a0 \u00a0 \u00a0 \u00a0 \u00a0 \u00a0 \u00a0 \u00a0 \u00a0 \u00a0\u00a0<\/p>\n<p>Tagesplan<\/p>\n<p>Erstellung eines indivuellen und detaillierten Tagesplans in Absprache mit dem gesamten Team f\u00fcr den reibungslosen und stressfreien Ablauf eurer Hochzeit.&nbsp;<\/p>\n<style>\/*! elementor - v3.20.0 - 26-03-2024 *\/\n.elementor-widget-image{text-align:center}.elementor-widget-image a{display:inline-block}.elementor-widget-image a img[src$=\".svg\"]{width:48px}.elementor-widget-image img{vertical-align:middle;display:inline-block}<\/style>\n<p>\t\t\t\t\t\t\t\t\t\t<img fetchpriority=\"high\" decoding=\"async\" width=\"800\" height=\"1013\" src=\"https:\/\/kaipoweddings.de\/wp-content\/uploads\/2024\/03\/Hochzeitsplaner_Bremen-scaled-e1710286928760-809x1024.jpg\" alt=\"\" srcset=\"https:\/\/kaipoweddings.de\/wp-content\/uploads\/2024\/03\/Hochzeitsplaner_Bremen-scaled-e1710286928760-809x1024.jpg 809w, https:\/\/kaipoweddings.de\/wp-content\/uploads\/2024\/03\/Hochzeitsplaner_Bremen-scaled-e1710286928760-237x300.jpg 237w, https:\/\/kaipoweddings.de\/wp-content\/uploads\/2024\/03\/Hochzeitsplaner_Bremen-scaled-e1710286928760-768x972.jpg 768w, https:\/\/kaipoweddings.de\/wp-content\/uploads\/2024\/03\/Hochzeitsplaner_Bremen-scaled-e1710286928760-1214x1536.jpg 1214w, https:\/\/kaipoweddings.de\/wp-content\/uploads\/2024\/03\/Hochzeitsplaner_Bremen-scaled-e1710286928760-1619x2048.jpg 1619w, https:\/\/kaipoweddings.de\/wp-content\/uploads\/2024\/03\/Hochzeitsplaner_Bremen-scaled-e1710286928760.jpg 1817w\" sizes=\"(max-width: 800px) 100vw, 800px\" \/>\t\t\t\t\t\t\t\t\t\t\t\t\t<\/p>\n<h2>Vorteile der<\/h2>\n<h1>Komplettplanung<br \/><\/h1>\n<p>Mit uns an eurer Seite k\u00f6nnt ihr eure Verlobungszeit voll und ganz genie\u00dfen. Die Planungszeit gestaltet sich f\u00fcr euch sowohl absolut stressfrei als auch fehlerfrei &#8211; ihr k\u00f6nnt euch eure Hochzeit ist bei uns in sicheren H\u00e4nden!<\/p>\n<p>Mit dem individuellen Wedding Concept und den passenden Dienstleistern wird eure Hochzeit ein einzigartiges Erlebnis f\u00fcr euch und eure G\u00e4ste. Qualit\u00e4t, Stil und \u00c4stehtik in jedem Detail des ganzheitlich stimmigen Konzeptes werden f\u00fcr einen absoluten WOW-Effekt sorgen, die Atmosph\u00e4re mit echten Emotionen f\u00fcllen und eine unvergessliche Hochzeit bescheren.<\/p>\n<\/p>\n<p>\t\t\t<a role=\"button\"><br \/>\n\t\t\t\t\t\tKostenloses Beratungsgespr\u00e4ch vereinbaren \u27f6<br \/>\n\t\t\t\t\t<\/a><\/p>\n<h2>Kostenloses Beratungsgespr\u00e4ch vereinbaren<\/h2>\n<p>\t\t\t<a role=\"button\"><br \/>\n\t\t\t\t\t\tZum Beratungsgespr\u00e4ch \u27f6<br \/>\n\t\t\t\t\t<\/a><\/p>\n<style>\/*! elementor - v3.20.0 - 26-03-2024 *\/\n.elementor-column .elementor-spacer-inner{height:var(--spacer-size)}.e-con{--container-widget-width:100%}.e-con-inner>.elementor-widget-spacer,.e-con>.elementor-widget-spacer{width:var(--container-widget-width,var(--spacer-size));--align-self:var(--container-widget-align-self,initial);--flex-shrink:0}.e-con-inner>.elementor-widget-spacer>.elementor-widget-container,.e-con>.elementor-widget-spacer>.elementor-widget-container{height:100%;width:100%}.e-con-inner>.elementor-widget-spacer>.elementor-widget-container>.elementor-spacer,.e-con>.elementor-widget-spacer>.elementor-widget-container>.elementor-spacer{height:100%}.e-con-inner>.elementor-widget-spacer>.elementor-widget-container>.elementor-spacer>.elementor-spacer-inner,.e-con>.elementor-widget-spacer>.elementor-widget-container>.elementor-spacer>.elementor-spacer-inner{height:var(--container-widget-height,var(--spacer-size))}.e-con-inner>.elementor-widget-spacer.elementor-widget-empty,.e-con>.elementor-widget-spacer.elementor-widget-empty{position:relative;min-height:22px;min-width:22px}.e-con-inner>.elementor-widget-spacer.elementor-widget-empty .elementor-widget-empty-icon,.e-con>.elementor-widget-spacer.elementor-widget-empty .elementor-widget-empty-icon{position:absolute;top:0;bottom:0;left:0;right:0;margin:auto;padding:0;width:22px;height:22px}<\/style>\n","protected":false},"excerpt":{"rendered":"<p>KOMPLETTPLANUNG Komplettplanung Das Welness-Paket f\u00fcr eure Hochzeit Die Komplettplanung ist das absolute Welness-Paket f\u00fcr eure luxuri\u00f6se, einzigartige und absolut f\u00fcr euch als Brautpaar ma\u00dfgeschneiderte Hochzeit. Gemeinsam kreieren wir euren gro\u00dfen Tag &#8211; und betten all eure Vorstellungen und W\u00fcnsche in ein ganz auf euch zugeschnittenes Wedding Concept.\u00a0 Beginnend mit einem Budgetplan werden wir alle Planungsschritte [&hellip;]<\/p>\n","protected":false},"author":1,"featured_media":0,"parent":0,"menu_order":0,"comment_status":"closed","ping_status":"closed","template":"elementor_header_footer","meta":{"_uag_custom_page_level_css":"","footnotes":""},"class_list":["post-592","page","type-page","status-publish","hentry"],"uagb_featured_image_src":{"full":false,"thumbnail":false,"medium":false,"medium_large":false,"large":false,"1536x1536":false,"2048x2048":false,"trp-custom-language-flag":false},"uagb_author_info":{"display_name":"kaipoweddings","author_link":"https:\/\/kaipoweddings.de\/tr\/author\/kaipoweddings\/"},"uagb_comment_info":0,"uagb_excerpt":"KOMPLETTPLANUNG Komplettplanung Das Welness-Paket f\u00fcr eure Hochzeit Die Komplettplanung ist das absolute Welness-Paket f\u00fcr eure luxuri\u00f6se, einzigartige und absolut f\u00fcr euch als Brautpaar ma\u00dfgeschneiderte Hochzeit. Gemeinsam kreieren wir euren gro\u00dfen Tag &#8211; und betten all eure Vorstellungen und W\u00fcnsche in ein ganz auf euch zugeschnittenes Wedding Concept.\u00a0 Beginnend mit einem Budgetplan werden wir alle Planungsschritte&hellip;","_links":{"self":[{"href":"https:\/\/kaipoweddings.de\/tr\/wp-json\/wp\/v2\/pages\/592","targetHints":{"allow":["GET"]}}],"collection":[{"href":"https:\/\/kaipoweddings.de\/tr\/wp-json\/wp\/v2\/pages"}],"about":[{"href":"https:\/\/kaipoweddings.de\/tr\/wp-json\/wp\/v2\/types\/page"}],"author":[{"embeddable":true,"href":"https:\/\/kaipoweddings.de\/tr\/wp-json\/wp\/v2\/users\/1"}],"replies":[{"embeddable":true,"href":"https:\/\/kaipoweddings.de\/tr\/wp-json\/wp\/v2\/comments?post=592"}],"version-history":[{"count":1,"href":"https:\/\/kaipoweddings.de\/tr\/wp-json\/wp\/v2\/pages\/592\/revisions"}],"predecessor-version":[{"id":593,"href":"https:\/\/kaipoweddings.de\/tr\/wp-json\/wp\/v2\/pages\/592\/revisions\/593"}],"wp:attachment":[{"href":"https:\/\/kaipoweddings.de\/tr\/wp-json\/wp\/v2\/media?parent=592"}],"curies":[{"name":"wp","href":"https:\/\/api.w.org\/{rel}","templated":true}]}}