{"id":81,"date":"2024-03-12T15:56:04","date_gmt":"2024-03-12T14:56:04","guid":{"rendered":"https:\/\/kaipoweddings.de\/kontakt\/"},"modified":"2025-05-27T18:24:28","modified_gmt":"2025-05-27T16:24:28","slug":"iletisim","status":"publish","type":"page","link":"https:\/\/kaipoweddings.de\/tr\/iletisim\/","title":{"rendered":"Bize ula\u015f\u0131n"},"content":{"rendered":"\t\t<div data-elementor-type=\"wp-page\" data-elementor-id=\"81\" class=\"elementor elementor-81\" data-elementor-post-type=\"page\">\n\t\t\t\t\t\t<section class=\"elementor-section elementor-top-section elementor-element elementor-element-39f37f29 elementor-section-full_width elementor-section-content-top elementor-section-height-default elementor-section-height-default\" data-id=\"39f37f29\" data-element_type=\"section\" data-e-type=\"section\" data-settings=\"{&quot;background_background&quot;:&quot;classic&quot;}\">\n\t\t\t\t\t\t<div class=\"elementor-container elementor-column-gap-no\">\n\t\t\t\t\t<div class=\"elementor-column elementor-col-100 elementor-top-column elementor-element elementor-element-3e618247\" data-id=\"3e618247\" data-element_type=\"column\" data-e-type=\"column\">\n\t\t\t<div class=\"elementor-widget-wrap elementor-element-populated\">\n\t\t\t\t\t\t<div class=\"elementor-element elementor-element-51530f7 elementor-invisible elementor-widget elementor-widget-heading\" data-id=\"51530f7\" data-element_type=\"widget\" data-e-type=\"widget\" data-settings=\"{&quot;_animation&quot;:&quot;fadeIn&quot;}\" data-widget_type=\"heading.default\">\n\t\t\t\t\t<h1 class=\"elementor-heading-title elementor-size-default\">Kontaktformular:<\/h1>\t\t\t\t<\/div>\n\t\t\t\t<section class=\"elementor-section elementor-inner-section elementor-element elementor-element-7153f332 elementor-section-content-middle elementor-section-boxed elementor-section-height-default elementor-section-height-default\" data-id=\"7153f332\" data-element_type=\"section\" data-e-type=\"section\">\n\t\t\t\t\t\t<div class=\"elementor-container elementor-column-gap-default\">\n\t\t\t\t\t<div class=\"elementor-column elementor-col-100 elementor-inner-column elementor-element elementor-element-64a70542\" data-id=\"64a70542\" data-element_type=\"column\" data-e-type=\"column\">\n\t\t\t<div class=\"elementor-widget-wrap elementor-element-populated\">\n\t\t\t\t\t\t<div class=\"elementor-element elementor-element-5caac127 elementor-widget elementor-widget-text-editor\" data-id=\"5caac127\" data-element_type=\"widget\" data-e-type=\"widget\" data-widget_type=\"text-editor.default\">\n\t\t\t\t\t\t\t\t\t<p style=\"text-align: center;\"><strong><span style=\"text-decoration: underline;\">Wichtig: Brautpaare nur \u00fcber diesen Link.<\/span><\/strong><\/p><p style=\"text-align: center;\">NICHT \u00fcber das untenstehende Kontaktformular.\u00a0<\/p>\t\t\t\t\t\t\t\t<\/div>\n\t\t\t\t<div class=\"elementor-element elementor-element-1bc9fd0 elementor-align-center elementor-mobile-align-center elementor-widget elementor-widget-button\" data-id=\"1bc9fd0\" data-element_type=\"widget\" data-e-type=\"widget\" data-widget_type=\"button.default\">\n\t\t\t\t\t\t\t\t\t\t<a class=\"elementor-button elementor-button-link elementor-size-sm elementor-animation-hang\" href=\"https:\/\/kaipoweddings.de\/kostenloses-beratungsgespraech\/\">\n\t\t\t\t\t\t<span class=\"elementor-button-content-wrapper\">\n\t\t\t\t\t\t\t\t\t<span class=\"elementor-button-text\">Kostenloses Beratungsgespr\u00e4ch vereinbaren \u27f6<\/span>\n\t\t\t\t\t<\/span>\n\t\t\t\t\t<\/a>\n\t\t\t\t\t\t\t\t<\/div>\n\t\t\t\t<div class=\"elementor-element elementor-element-7363ef2 elementor-widget elementor-widget-text-editor\" data-id=\"7363ef2\" data-element_type=\"widget\" data-e-type=\"widget\" data-widget_type=\"text-editor.default\">\n\t\t\t\t\t\t\t\t\t<p>\u00a0<\/p><p style=\"text-align: center;\"><strong style=\"background-color: var( --e-global-color-1fd96a61 ); letter-spacing: 0px;\">Kontaktformular f\u00fcr Dienstleister, Assistenzen &amp; PR.<\/strong><\/p>\t\t\t\t\t\t\t\t<\/div>\n\t\t\t\t<div class=\"elementor-element elementor-element-6bf64592 elementor-button-align-center elementor-widget elementor-widget-form\" data-id=\"6bf64592\" data-element_type=\"widget\" data-e-type=\"widget\" data-settings=\"{&quot;step_next_label&quot;:&quot;Next&quot;,&quot;step_previous_label&quot;:&quot;Previous&quot;,&quot;button_width&quot;:&quot;100&quot;,&quot;step_type&quot;:&quot;number_text&quot;,&quot;step_icon_shape&quot;:&quot;circle&quot;}\" data-widget_type=\"form.default\">\n\t\t\t\t\t\t\t<form class=\"elementor-form\" method=\"post\" name=\"Kontaktformular\" aria-label=\"Kontaktformular\">\n\t\t\t<input type=\"hidden\" name=\"post_id\" value=\"81\"\/>\n\t\t\t<input type=\"hidden\" name=\"form_id\" value=\"6bf64592\"\/>\n\t\t\t<input type=\"hidden\" name=\"referer_title\" value=\"Kontakt - KAIPO WEDDINGS\" \/>\n\n\t\t\t\t\t\t\t<input type=\"hidden\" name=\"queried_id\" value=\"81\"\/>\n\t\t\t\n\t\t\t<div class=\"elementor-form-fields-wrapper elementor-labels-above\">\n\t\t\t\t\t\t\t\t<div class=\"elementor-field-type-text elementor-field-group elementor-column elementor-field-group-name elementor-col-100\">\n\t\t\t\t\t\t\t\t\t\t\t\t\t<input size=\"1\" type=\"text\" name=\"form_fields[name]\" id=\"form-field-name\" class=\"elementor-field elementor-size-sm  elementor-field-textual\" placeholder=\"Name\">\n\t\t\t\t\t\t\t\t\t\t\t<\/div>\n\t\t\t\t\t\t\t\t<div class=\"elementor-field-type-email elementor-field-group elementor-column elementor-field-group-email elementor-col-100 elementor-field-required elementor-mark-required\">\n\t\t\t\t\t\t\t\t\t\t\t\t\t<input size=\"1\" type=\"email\" name=\"form_fields[email]\" id=\"form-field-email\" class=\"elementor-field elementor-size-sm  elementor-field-textual\" placeholder=\"E-Mail Adresse\" required=\"required\">\n\t\t\t\t\t\t\t\t\t\t\t<\/div>\n\t\t\t\t\t\t\t\t<div class=\"elementor-field-type-tel elementor-field-group elementor-column elementor-field-group-field_7618bac elementor-col-100 elementor-field-required elementor-mark-required\">\n\t\t\t\t\t\t\t<input size=\"1\" type=\"tel\" name=\"form_fields[field_7618bac]\" id=\"form-field-field_7618bac\" class=\"elementor-field elementor-size-sm  elementor-field-textual\" placeholder=\"Telefonnummer\" required=\"required\" pattern=\"[0-9()#&amp;+*-=.]+\" title=\"Only numbers and phone characters (#, -, *, etc) are accepted.\">\n\n\t\t\t\t\t\t<\/div>\n\t\t\t\t\t\t\t\t<div class=\"elementor-field-type-textarea elementor-field-group elementor-column elementor-field-group-message elementor-col-100\">\n\t\t\t\t\t<textarea class=\"elementor-field-textual elementor-field  elementor-size-sm\" name=\"form_fields[message]\" id=\"form-field-message\" rows=\"4\" placeholder=\"Eure Nachricht (optional)\"><\/textarea>\t\t\t\t<\/div>\n\t\t\t\t\t\t\t\t<div class=\"elementor-field-group elementor-column elementor-field-type-submit elementor-col-100 e-form__buttons\">\n\t\t\t\t\t<button class=\"elementor-button elementor-size-sm\" type=\"submit\">\n\t\t\t\t\t\t<span class=\"elementor-button-content-wrapper\">\n\t\t\t\t\t\t\t\t\t\t\t\t\t\t\t\t\t\t\t\t\t\t<span class=\"elementor-button-text\">Absenden<\/span>\n\t\t\t\t\t\t\t\t\t\t\t\t\t<\/span>\n\t\t\t\t\t<\/button>\n\t\t\t\t<\/div>\n\t\t\t<\/div>\n\t\t<\/form>\n\t\t\t\t\t\t<\/div>\n\t\t\t\t\t<\/div>\n\t\t<\/div>\n\t\t\t\t\t<\/div>\n\t\t<\/section>\n\t\t\t\t\t<\/div>\n\t\t<\/div>\n\t\t\t\t\t<\/div>\n\t\t<\/section>\n\t\t\t\t<section class=\"elementor-section elementor-top-section elementor-element elementor-element-733a89a4 elementor-section-boxed elementor-section-height-default elementor-section-height-default\" data-id=\"733a89a4\" data-element_type=\"section\" data-e-type=\"section\" data-settings=\"{&quot;animation&quot;:&quot;none&quot;}\">\n\t\t\t\t\t\t<div class=\"elementor-container elementor-column-gap-no\">\n\t\t\t\t\t<div class=\"elementor-column elementor-col-100 elementor-top-column elementor-element elementor-element-26747a3f\" data-id=\"26747a3f\" data-element_type=\"column\" data-e-type=\"column\">\n\t\t\t<div class=\"elementor-widget-wrap elementor-element-populated\">\n\t\t\t\t\t\t<div class=\"elementor-element elementor-element-51aee7cd gallery-spacing-custom elementor-widget elementor-widget-image-gallery\" data-id=\"51aee7cd\" data-element_type=\"widget\" data-e-type=\"widget\" data-widget_type=\"image-gallery.default\">\n\t\t\t\t\t\t\t<div class=\"elementor-image-gallery\">\n\t\t\t<div id='gallery-1' class='gallery galleryid-81 gallery-columns-3 gallery-size-full'><figure class='gallery-item'>\n\t\t\t<div class='gallery-icon portrait'>\n\t\t\t\t<a data-elementor-open-lightbox=\"yes\" data-elementor-lightbox-slideshow=\"51aee7cd\" data-elementor-lightbox-title=\"vogue bride dress wedding hochzeit\" data-e-action-hash=\"#elementor-action%3Aaction%3Dlightbox%26settings%3DeyJpZCI6MjAyNywidXJsIjoiaHR0cHM6XC9cL2thaXBvd2VkZGluZ3MuZGVcL3dwLWNvbnRlbnRcL3VwbG9hZHNcLzIwMjRcLzExXC92b2d1ZS1icmlkZS1kcmVzcy13ZWRkaW5nLWhvY2h6ZWl0LXNjYWxlZC5qcGciLCJzbGlkZXNob3ciOiI1MWFlZTdjZCJ9\" href='https:\/\/kaipoweddings.de\/wp-content\/uploads\/2024\/11\/vogue-bride-dress-wedding-hochzeit-scaled.jpg'><img fetchpriority=\"high\" decoding=\"async\" width=\"1707\" height=\"2560\" src=\"https:\/\/kaipoweddings.de\/wp-content\/uploads\/2024\/11\/vogue-bride-dress-wedding-hochzeit-scaled.jpg\" class=\"attachment-full size-full\" alt=\"\" srcset=\"https:\/\/kaipoweddings.de\/wp-content\/uploads\/2024\/11\/vogue-bride-dress-wedding-hochzeit-scaled.jpg 1707w, https:\/\/kaipoweddings.de\/wp-content\/uploads\/2024\/11\/vogue-bride-dress-wedding-hochzeit-200x300.jpg 200w, https:\/\/kaipoweddings.de\/wp-content\/uploads\/2024\/11\/vogue-bride-dress-wedding-hochzeit-683x1024.jpg 683w, https:\/\/kaipoweddings.de\/wp-content\/uploads\/2024\/11\/vogue-bride-dress-wedding-hochzeit-768x1152.jpg 768w, https:\/\/kaipoweddings.de\/wp-content\/uploads\/2024\/11\/vogue-bride-dress-wedding-hochzeit-1024x1536.jpg 1024w, https:\/\/kaipoweddings.de\/wp-content\/uploads\/2024\/11\/vogue-bride-dress-wedding-hochzeit-1365x2048.jpg 1365w\" sizes=\"(max-width: 1707px) 100vw, 1707px\" \/><\/a>\n\t\t\t<\/div><\/figure><figure class='gallery-item'>\n\t\t\t<div class='gallery-icon portrait'>\n\t\t\t\t<a data-elementor-open-lightbox=\"yes\" data-elementor-lightbox-slideshow=\"51aee7cd\" data-elementor-lightbox-title=\"intimate wedding shooting wedding planner bremen\" data-e-action-hash=\"#elementor-action%3Aaction%3Dlightbox%26settings%3DeyJpZCI6MjAyNiwidXJsIjoiaHR0cHM6XC9cL2thaXBvd2VkZGluZ3MuZGVcL3dwLWNvbnRlbnRcL3VwbG9hZHNcLzIwMjRcLzExXC9pbnRpbWF0ZS13ZWRkaW5nLXNob290aW5nLXdlZGRpbmctcGxhbm5lci1icmVtZW4tc2NhbGVkLmpwZyIsInNsaWRlc2hvdyI6IjUxYWVlN2NkIn0%3D\" href='https:\/\/kaipoweddings.de\/wp-content\/uploads\/2024\/11\/intimate-wedding-shooting-wedding-planner-bremen-scaled.jpg'><img decoding=\"async\" width=\"1707\" height=\"2560\" src=\"https:\/\/kaipoweddings.de\/wp-content\/uploads\/2024\/11\/intimate-wedding-shooting-wedding-planner-bremen-scaled.jpg\" class=\"attachment-full size-full\" alt=\"\" srcset=\"https:\/\/kaipoweddings.de\/wp-content\/uploads\/2024\/11\/intimate-wedding-shooting-wedding-planner-bremen-scaled.jpg 1707w, https:\/\/kaipoweddings.de\/wp-content\/uploads\/2024\/11\/intimate-wedding-shooting-wedding-planner-bremen-200x300.jpg 200w, https:\/\/kaipoweddings.de\/wp-content\/uploads\/2024\/11\/intimate-wedding-shooting-wedding-planner-bremen-683x1024.jpg 683w, https:\/\/kaipoweddings.de\/wp-content\/uploads\/2024\/11\/intimate-wedding-shooting-wedding-planner-bremen-768x1152.jpg 768w, https:\/\/kaipoweddings.de\/wp-content\/uploads\/2024\/11\/intimate-wedding-shooting-wedding-planner-bremen-1024x1536.jpg 1024w, https:\/\/kaipoweddings.de\/wp-content\/uploads\/2024\/11\/intimate-wedding-shooting-wedding-planner-bremen-1365x2048.jpg 1365w\" sizes=\"(max-width: 1707px) 100vw, 1707px\" \/><\/a>\n\t\t\t<\/div><\/figure><figure class='gallery-item'>\n\t\t\t<div class='gallery-icon portrait'>\n\t\t\t\t<a data-elementor-open-lightbox=\"yes\" data-elementor-lightbox-slideshow=\"51aee7cd\" data-elementor-lightbox-title=\"Wedding couple Brautpaar Destination wedding luxury wedding planner\" data-e-action-hash=\"#elementor-action%3Aaction%3Dlightbox%26settings%3DeyJpZCI6MjAyOCwidXJsIjoiaHR0cHM6XC9cL2thaXBvd2VkZGluZ3MuZGVcL3dwLWNvbnRlbnRcL3VwbG9hZHNcLzIwMjRcLzExXC9XZWRkaW5nLWNvdXBsZS1CcmF1dHBhYXItRGVzdGluYXRpb24td2VkZGluZy1sdXh1cnktd2VkZGluZy1wbGFubmVyLXNjYWxlZC5qcGciLCJzbGlkZXNob3ciOiI1MWFlZTdjZCJ9\" href='https:\/\/kaipoweddings.de\/wp-content\/uploads\/2024\/11\/Wedding-couple-Brautpaar-Destination-wedding-luxury-wedding-planner-scaled.jpg'><img decoding=\"async\" width=\"1707\" height=\"2560\" src=\"https:\/\/kaipoweddings.de\/wp-content\/uploads\/2024\/11\/Wedding-couple-Brautpaar-Destination-wedding-luxury-wedding-planner-scaled.jpg\" class=\"attachment-full size-full\" alt=\"\" srcset=\"https:\/\/kaipoweddings.de\/wp-content\/uploads\/2024\/11\/Wedding-couple-Brautpaar-Destination-wedding-luxury-wedding-planner-scaled.jpg 1707w, https:\/\/kaipoweddings.de\/wp-content\/uploads\/2024\/11\/Wedding-couple-Brautpaar-Destination-wedding-luxury-wedding-planner-200x300.jpg 200w, https:\/\/kaipoweddings.de\/wp-content\/uploads\/2024\/11\/Wedding-couple-Brautpaar-Destination-wedding-luxury-wedding-planner-683x1024.jpg 683w, https:\/\/kaipoweddings.de\/wp-content\/uploads\/2024\/11\/Wedding-couple-Brautpaar-Destination-wedding-luxury-wedding-planner-768x1152.jpg 768w, https:\/\/kaipoweddings.de\/wp-content\/uploads\/2024\/11\/Wedding-couple-Brautpaar-Destination-wedding-luxury-wedding-planner-1024x1536.jpg 1024w, https:\/\/kaipoweddings.de\/wp-content\/uploads\/2024\/11\/Wedding-couple-Brautpaar-Destination-wedding-luxury-wedding-planner-1365x2048.jpg 1365w\" sizes=\"(max-width: 1707px) 100vw, 1707px\" \/><\/a>\n\t\t\t<\/div><\/figure>\n\t\t<\/div>\n\t\t<\/div>\n\t\t\t\t\t\t<\/div>\n\t\t\t\t\t<\/div>\n\t\t<\/div>\n\t\t\t\t\t<\/div>\n\t\t<\/section>\n\t\t\t\t<\/div>\n\t\t","protected":false},"excerpt":{"rendered":"<p>\u0130leti\u015fim formu: \u00d6nemli: Gelin \u00e7iftler sadece bu ba\u011flant\u0131 arac\u0131l\u0131\u011f\u0131yla. A\u015fa\u011f\u0131daki ileti\u015fim formu arac\u0131l\u0131\u011f\u0131yla DE\u011e\u0130L.  \u00dccretsiz bir dan\u0131\u015fmanl\u0131k ayarlay\u0131n \u27f6 Hizmet sa\u011flay\u0131c\u0131lar, asistanlar ve halkla ili\u015fkiler i\u00e7in ileti\u015fim formu.<\/p>","protected":false},"author":1,"featured_media":0,"parent":0,"menu_order":0,"comment_status":"closed","ping_status":"closed","template":"elementor_header_footer","meta":{"_uag_custom_page_level_css":"","footnotes":""},"class_list":["post-81","page","type-page","status-publish","hentry"],"uagb_featured_image_src":{"full":false,"thumbnail":false,"medium":false,"medium_large":false,"large":false,"1536x1536":false,"2048x2048":false,"trp-custom-language-flag":false},"uagb_author_info":{"display_name":"kaipoweddings","author_link":"https:\/\/kaipoweddings.de\/tr\/author\/kaipoweddings\/"},"uagb_comment_info":0,"uagb_excerpt":"Kontaktformular: Wichtig: Brautpaare nur \u00fcber diesen Link. NICHT \u00fcber das untenstehende Kontaktformular.\u00a0 Kostenloses Beratungsgespr\u00e4ch vereinbaren \u27f6 \u00a0 Kontaktformular f\u00fcr Dienstleister, Assistenzen &amp; PR.","_links":{"self":[{"href":"https:\/\/kaipoweddings.de\/tr\/wp-json\/wp\/v2\/pages\/81","targetHints":{"allow":["GET"]}}],"collection":[{"href":"https:\/\/kaipoweddings.de\/tr\/wp-json\/wp\/v2\/pages"}],"about":[{"href":"https:\/\/kaipoweddings.de\/tr\/wp-json\/wp\/v2\/types\/page"}],"author":[{"embeddable":true,"href":"https:\/\/kaipoweddings.de\/tr\/wp-json\/wp\/v2\/users\/1"}],"replies":[{"embeddable":true,"href":"https:\/\/kaipoweddings.de\/tr\/wp-json\/wp\/v2\/comments?post=81"}],"version-history":[{"count":10,"href":"https:\/\/kaipoweddings.de\/tr\/wp-json\/wp\/v2\/pages\/81\/revisions"}],"predecessor-version":[{"id":4008,"href":"https:\/\/kaipoweddings.de\/tr\/wp-json\/wp\/v2\/pages\/81\/revisions\/4008"}],"wp:attachment":[{"href":"https:\/\/kaipoweddings.de\/tr\/wp-json\/wp\/v2\/media?parent=81"}],"curies":[{"name":"wp","href":"https:\/\/api.w.org\/{rel}","templated":true}]}}