{"id":847,"date":"2024-06-10T03:25:46","date_gmt":"2024-06-10T01:25:46","guid":{"rendered":"https:\/\/kaipoweddings.de\/?page_id=847"},"modified":"2024-06-10T03:25:46","modified_gmt":"2024-06-10T01:25:46","slug":"baski-2","status":"publish","type":"page","link":"https:\/\/kaipoweddings.de\/tr\/baski-2\/","title":{"rendered":"Bask\u0131 #2"},"content":{"rendered":"<p>Welat Sicak<br>Kaipo Etkinlikleri<br>Einstmannstr. 23a<br>28865 Lilienthal<\/p>\n\n\n\n<h2 class=\"wp-block-heading\">Bize ula\u015f\u0131n<\/h2>\n\n\n\n<p>Telefon: 017621192933<br>E-posta: info@kaipoevents.de<\/p>\n\n\n\n<h2 class=\"wp-block-heading\">Sat\u0131\u015f vergisi kimli\u011fi<\/h2>\n\n\n\n<p>\u00a7 27 a sat\u0131\u015f vergisi yasas\u0131na g\u00f6re sat\u0131\u015f vergisi kimlik numaras\u0131:<br>DE346904405<\/p>\n\n\n\n<h2 class=\"wp-block-heading\">Editoryal olarak sorumlu<\/h2>\n\n\n\n<p>Welat Sicak<\/p>\n\n\n\n<h2 class=\"wp-block-heading\">AB uyu\u015fmazl\u0131k \u00e7\u00f6z\u00fcm\u00fc<\/h2>\n\n\n\n<p>Avrupa Komisyonu, \u00e7evrimi\u00e7i uyu\u015fmazl\u0131k \u00e7\u00f6z\u00fcm\u00fc (OS) i\u00e7in bir platform sa\u011flamaktad\u0131r: <a href=\"https:\/\/ec.europa.eu\/consumers\/odr\/\" target=\"_blank\" rel=\"noreferrer noopener\">https:\/\/ec.europa.eu\/consumers\/odr\/<\/a>.<br>E-posta adresimizi yukar\u0131daki yasal bildirimde bulabilirsiniz.<\/p>\n\n\n\n<h2 class=\"wp-block-heading\">T\u00fcketici uyu\u015fmazl\u0131klar\u0131n\u0131n \u00e7\u00f6z\u00fcm\u00fc\/evrensel tahkim merkezi<\/h2>\n\n\n\n<p>Bir t\u00fcketici hakem heyeti nezdindeki uyu\u015fmazl\u0131k \u00e7\u00f6z\u00fcm i\u015flemlerine kat\u0131lmaya istekli veya y\u00fck\u00fcml\u00fc de\u011filiz.<\/p>\n\n\n\n<p>Kaynak: <a href=\"https:\/\/www.e-recht24.de\" target=\"_blank\" rel=\"noopener\">eRecht24<\/a><\/p>\n\n\n\n<h2 class=\"wp-block-heading\"><\/h2>","protected":false},"excerpt":{"rendered":"<p>Welat SicakKaipo EventsEinstmannstr. 23a28865 Lilienthal \u0130leti\u015fim Telefon: 017621192933E-posta: info@kaipoevents.de Sat\u0131\u015f vergisi kimli\u011fi \u00a7 27 a Umsatzsteuergesetz'e g\u00f6re sat\u0131\u015f vergisi kimlik numaras\u0131:DE346904405 Editoryal sorumlu Welat Sicak AB uyu\u015fmazl\u0131k \u00e7\u00f6z\u00fcm\u00fc Avrupa Komisyonu \u00e7evrimi\u00e7i uyu\u015fmazl\u0131k \u00e7\u00f6z\u00fcm\u00fc i\u00e7in bir platform sa\u011flar (OS): https:\/\/ec.europa.eu\/consumers\/odr\/.Unsere E-posta adresi yukar\u0131da k\u00fcnyede bulunabilir. T\u00fcketici uyu\u015fmazl\u0131klar\u0131n\u0131n \u00e7\u00f6z\u00fcm\u00fc \/ Evrensel tahkim kurulu Bir t\u00fcketici tahkim kurulu nezdinde uyu\u015fmazl\u0131k \u00e7\u00f6z\u00fcm\u00fc i\u015flemlerine kat\u0131lmaya istekli veya y\u00fck\u00fcml\u00fc de\u011filiz. Kaynak: eRecht24<\/p>","protected":false},"author":1,"featured_media":0,"parent":0,"menu_order":0,"comment_status":"closed","ping_status":"closed","template":"","meta":{"_uag_custom_page_level_css":"","footnotes":""},"class_list":["post-847","page","type-page","status-publish","hentry"],"uagb_featured_image_src":{"full":false,"thumbnail":false,"medium":false,"medium_large":false,"large":false,"1536x1536":false,"2048x2048":false,"trp-custom-language-flag":false},"uagb_author_info":{"display_name":"kaipoweddings","author_link":"https:\/\/kaipoweddings.de\/tr\/author\/kaipoweddings\/"},"uagb_comment_info":0,"uagb_excerpt":"Welat SicakKaipo EventsEinstmannstr. 23a28865 Lilienthal Kontakt Telefon: 017621192933E-Mail: info@kaipoevents.de Umsatzsteuer-ID Umsatzsteuer-Identifikationsnummer gem\u00e4\u00df \u00a7 27 a Umsatzsteuergesetz:DE346904405 Redaktionell verantwortlich Welat Sicak EU-Streitschlichtung Die Europ\u00e4ische Kommission stellt eine Plattform zur Online-Streitbeilegung (OS) bereit: https:\/\/ec.europa.eu\/consumers\/odr\/.Unsere E-Mail-Adresse finden Sie oben im Impressum. Verbraucher\u00adstreit\u00adbeilegung\/Universal\u00adschlichtungs\u00adstelle Wir sind nicht bereit oder verpflichtet, an Streitbeilegungsverfahren vor einer Verbraucherschlichtungsstelle teilzunehmen. Quelle: eRecht24","_links":{"self":[{"href":"https:\/\/kaipoweddings.de\/tr\/wp-json\/wp\/v2\/pages\/847","targetHints":{"allow":["GET"]}}],"collection":[{"href":"https:\/\/kaipoweddings.de\/tr\/wp-json\/wp\/v2\/pages"}],"about":[{"href":"https:\/\/kaipoweddings.de\/tr\/wp-json\/wp\/v2\/types\/page"}],"author":[{"embeddable":true,"href":"https:\/\/kaipoweddings.de\/tr\/wp-json\/wp\/v2\/users\/1"}],"replies":[{"embeddable":true,"href":"https:\/\/kaipoweddings.de\/tr\/wp-json\/wp\/v2\/comments?post=847"}],"version-history":[{"count":1,"href":"https:\/\/kaipoweddings.de\/tr\/wp-json\/wp\/v2\/pages\/847\/revisions"}],"predecessor-version":[{"id":848,"href":"https:\/\/kaipoweddings.de\/tr\/wp-json\/wp\/v2\/pages\/847\/revisions\/848"}],"wp:attachment":[{"href":"https:\/\/kaipoweddings.de\/tr\/wp-json\/wp\/v2\/media?parent=847"}],"curies":[{"name":"wp","href":"https:\/\/api.w.org\/{rel}","templated":true}]}}